{"id":3025,"date":"2021-11-03T15:35:20","date_gmt":"2021-11-03T15:35:20","guid":{"rendered":"https:\/\/ferme.vamtam.com\/?post_type=product&#038;p=3025"},"modified":"2026-02-06T02:15:14","modified_gmt":"2026-02-06T07:15:14","slug":"canne-de-sirop-derable-biologique-540-ml","status":"publish","type":"product","link":"https:\/\/fermefrancoisgosselininc.ca\/en\/product\/canne-de-sirop-derable-biologique-540-ml\/","title":{"rendered":"Organic maple syrup (available in various sizes)"},"content":{"rendered":"","protected":false},"excerpt":{"rendered":"<p>Choose your size and flavor preference<\/p>","protected":false},"featured_media":16890,"comment_status":"closed","ping_status":"closed","template":"","meta":[],"product_brand":[],"product_cat":[29],"product_tag":[115,116],"class_list":{"0":"post-3025","1":"product","2":"type-product","3":"status-publish","4":"has-post-thumbnail","6":"product_cat-produit-derable","7":"product_tag-frais","8":"product_tag-produit-local","10":"first","11":"instock","12":"purchasable","13":"product-type-variable"},"yoast_head":"<!-- This site is optimized with the Yoast SEO plugin v20.4 - https:\/\/yoast.com\/wordpress\/plugins\/seo\/ -->\n<title>Sirop d&#039;\u00e9rable biologique (plusieurs formats) - Ferme Francois Gosselin<\/title>\n<meta name=\"robots\" content=\"index, follow, max-snippet:-1, max-image-preview:large, max-video-preview:-1\" \/>\n<link rel=\"canonical\" href=\"https:\/\/fermefrancoisgosselininc.ca\/en\/product\/canne-de-sirop-derable-biologique-540-ml\/\" \/>\n<meta property=\"og:locale\" content=\"en_US\" \/>\n<meta property=\"og:type\" content=\"article\" \/>\n<meta property=\"og:title\" content=\"Sirop d&#039;\u00e9rable biologique (plusieurs formats) - Ferme Francois Gosselin\" \/>\n<meta property=\"og:description\" content=\"Choisissez votre format et votre pr\u00e9f\u00e9rence de go\u00fbt\" \/>\n<meta property=\"og:url\" content=\"https:\/\/fermefrancoisgosselininc.ca\/en\/product\/canne-de-sirop-derable-biologique-540-ml\/\" \/>\n<meta property=\"og:site_name\" content=\"Ferme Francois Gosselin\" \/>\n<meta property=\"article:modified_time\" content=\"2026-02-06T07:15:14+00:00\" \/>\n<meta property=\"og:image\" content=\"https:\/\/fermefrancoisgosselininc.ca\/wp-content\/uploads\/2025\/02\/IMG_4575.png\" \/>\n\t<meta property=\"og:image:width\" content=\"3019\" \/>\n\t<meta property=\"og:image:height\" content=\"3564\" \/>\n\t<meta property=\"og:image:type\" content=\"image\/png\" \/>\n<meta name=\"twitter:card\" content=\"summary_large_image\" \/>\n<script type=\"application\/ld+json\" class=\"yoast-schema-graph\">{\"@context\":\"https:\/\/schema.org\",\"@graph\":[{\"@type\":\"WebPage\",\"@id\":\"https:\/\/fermefrancoisgosselininc.ca\/product\/canne-de-sirop-derable-biologique-540-ml\/\",\"url\":\"https:\/\/fermefrancoisgosselininc.ca\/product\/canne-de-sirop-derable-biologique-540-ml\/\",\"name\":\"Sirop d'\u00e9rable biologique (plusieurs formats) - Ferme Francois Gosselin\",\"isPartOf\":{\"@id\":\"https:\/\/fermefrancoisgosselininc.ca\/#website\"},\"datePublished\":\"2021-11-03T15:35:20+00:00\",\"dateModified\":\"2026-02-06T07:15:14+00:00\",\"breadcrumb\":{\"@id\":\"https:\/\/fermefrancoisgosselininc.ca\/product\/canne-de-sirop-derable-biologique-540-ml\/#breadcrumb\"},\"inLanguage\":\"en-CA\",\"potentialAction\":[{\"@type\":\"ReadAction\",\"target\":[\"https:\/\/fermefrancoisgosselininc.ca\/product\/canne-de-sirop-derable-biologique-540-ml\/\"]}]},{\"@type\":\"BreadcrumbList\",\"@id\":\"https:\/\/fermefrancoisgosselininc.ca\/product\/canne-de-sirop-derable-biologique-540-ml\/#breadcrumb\",\"itemListElement\":[{\"@type\":\"ListItem\",\"position\":1,\"name\":\"Accueil\",\"item\":\"https:\/\/fermefrancoisgosselininc.ca\/\"},{\"@type\":\"ListItem\",\"position\":2,\"name\":\"Sirop d&#8217;\u00e9rable biologique (plusieurs formats)\"}]},{\"@type\":\"WebSite\",\"@id\":\"https:\/\/fermefrancoisgosselininc.ca\/#website\",\"url\":\"https:\/\/fermefrancoisgosselininc.ca\/\",\"name\":\"Ferme Francois Gosselin\",\"description\":\"Les fraises ont connais \u00e7a nous.\",\"publisher\":{\"@id\":\"https:\/\/fermefrancoisgosselininc.ca\/#organization\"},\"potentialAction\":[{\"@type\":\"SearchAction\",\"target\":{\"@type\":\"EntryPoint\",\"urlTemplate\":\"https:\/\/fermefrancoisgosselininc.ca\/?s={search_term_string}\"},\"query-input\":\"required name=search_term_string\"}],\"inLanguage\":\"en-CA\"},{\"@type\":\"Organization\",\"@id\":\"https:\/\/fermefrancoisgosselininc.ca\/#organization\",\"name\":\"Ferme Francois Gosselin\",\"url\":\"https:\/\/fermefrancoisgosselininc.ca\/\",\"logo\":{\"@type\":\"ImageObject\",\"inLanguage\":\"en-CA\",\"@id\":\"https:\/\/fermefrancoisgosselininc.ca\/#\/schema\/logo\/image\/\",\"url\":\"https:\/\/fermefrancoisgosselininc.ca\/wp-content\/uploads\/2023\/09\/FFG_Logo_Fraise_Rouge.png\",\"contentUrl\":\"https:\/\/fermefrancoisgosselininc.ca\/wp-content\/uploads\/2023\/09\/FFG_Logo_Fraise_Rouge.png\",\"width\":1200,\"height\":624,\"caption\":\"Ferme Francois Gosselin\"},\"image\":{\"@id\":\"https:\/\/fermefrancoisgosselininc.ca\/#\/schema\/logo\/image\/\"}}]}<\/script>\n<!-- \/ Yoast SEO plugin. -->","yoast_head_json":{"title":"Sirop d'\u00e9rable biologique (plusieurs formats) - Ferme Francois Gosselin","robots":{"index":"index","follow":"follow","max-snippet":"max-snippet:-1","max-image-preview":"max-image-preview:large","max-video-preview":"max-video-preview:-1"},"canonical":"https:\/\/fermefrancoisgosselininc.ca\/en\/product\/canne-de-sirop-derable-biologique-540-ml\/","og_locale":"en_US","og_type":"article","og_title":"Sirop d'\u00e9rable biologique (plusieurs formats) - Ferme Francois Gosselin","og_description":"Choisissez votre format et votre pr\u00e9f\u00e9rence de go\u00fbt","og_url":"https:\/\/fermefrancoisgosselininc.ca\/en\/product\/canne-de-sirop-derable-biologique-540-ml\/","og_site_name":"Ferme Francois Gosselin","article_modified_time":"2026-02-06T07:15:14+00:00","og_image":[{"width":3019,"height":3564,"url":"https:\/\/fermefrancoisgosselininc.ca\/wp-content\/uploads\/2025\/02\/IMG_4575.png","type":"image\/png"}],"twitter_card":"summary_large_image","schema":{"@context":"https:\/\/schema.org","@graph":[{"@type":"WebPage","@id":"https:\/\/fermefrancoisgosselininc.ca\/product\/canne-de-sirop-derable-biologique-540-ml\/","url":"https:\/\/fermefrancoisgosselininc.ca\/product\/canne-de-sirop-derable-biologique-540-ml\/","name":"Sirop d'\u00e9rable biologique (plusieurs formats) - Ferme Francois Gosselin","isPartOf":{"@id":"https:\/\/fermefrancoisgosselininc.ca\/#website"},"datePublished":"2021-11-03T15:35:20+00:00","dateModified":"2026-02-06T07:15:14+00:00","breadcrumb":{"@id":"https:\/\/fermefrancoisgosselininc.ca\/product\/canne-de-sirop-derable-biologique-540-ml\/#breadcrumb"},"inLanguage":"en-CA","potentialAction":[{"@type":"ReadAction","target":["https:\/\/fermefrancoisgosselininc.ca\/product\/canne-de-sirop-derable-biologique-540-ml\/"]}]},{"@type":"BreadcrumbList","@id":"https:\/\/fermefrancoisgosselininc.ca\/product\/canne-de-sirop-derable-biologique-540-ml\/#breadcrumb","itemListElement":[{"@type":"ListItem","position":1,"name":"Accueil","item":"https:\/\/fermefrancoisgosselininc.ca\/"},{"@type":"ListItem","position":2,"name":"Sirop d&#8217;\u00e9rable biologique (plusieurs formats)"}]},{"@type":"WebSite","@id":"https:\/\/fermefrancoisgosselininc.ca\/#website","url":"https:\/\/fermefrancoisgosselininc.ca\/","name":"Ferme Francois Gosselin","description":"Les fraises ont connais \u00e7a nous.","publisher":{"@id":"https:\/\/fermefrancoisgosselininc.ca\/#organization"},"potentialAction":[{"@type":"SearchAction","target":{"@type":"EntryPoint","urlTemplate":"https:\/\/fermefrancoisgosselininc.ca\/?s={search_term_string}"},"query-input":"required name=search_term_string"}],"inLanguage":"en-CA"},{"@type":"Organization","@id":"https:\/\/fermefrancoisgosselininc.ca\/#organization","name":"Ferme Francois Gosselin","url":"https:\/\/fermefrancoisgosselininc.ca\/","logo":{"@type":"ImageObject","inLanguage":"en-CA","@id":"https:\/\/fermefrancoisgosselininc.ca\/#\/schema\/logo\/image\/","url":"https:\/\/fermefrancoisgosselininc.ca\/wp-content\/uploads\/2023\/09\/FFG_Logo_Fraise_Rouge.png","contentUrl":"https:\/\/fermefrancoisgosselininc.ca\/wp-content\/uploads\/2023\/09\/FFG_Logo_Fraise_Rouge.png","width":1200,"height":624,"caption":"Ferme Francois Gosselin"},"image":{"@id":"https:\/\/fermefrancoisgosselininc.ca\/#\/schema\/logo\/image\/"}}]}},"_links":{"self":[{"href":"https:\/\/fermefrancoisgosselininc.ca\/en\/wp-json\/wp\/v2\/product\/3025","targetHints":{"allow":["GET"]}}],"collection":[{"href":"https:\/\/fermefrancoisgosselininc.ca\/en\/wp-json\/wp\/v2\/product"}],"about":[{"href":"https:\/\/fermefrancoisgosselininc.ca\/en\/wp-json\/wp\/v2\/types\/product"}],"replies":[{"embeddable":true,"href":"https:\/\/fermefrancoisgosselininc.ca\/en\/wp-json\/wp\/v2\/comments?post=3025"}],"version-history":[{"count":9,"href":"https:\/\/fermefrancoisgosselininc.ca\/en\/wp-json\/wp\/v2\/product\/3025\/revisions"}],"predecessor-version":[{"id":17179,"href":"https:\/\/fermefrancoisgosselininc.ca\/en\/wp-json\/wp\/v2\/product\/3025\/revisions\/17179"}],"wp:featuredmedia":[{"embeddable":true,"href":"https:\/\/fermefrancoisgosselininc.ca\/en\/wp-json\/wp\/v2\/media\/16890"}],"wp:attachment":[{"href":"https:\/\/fermefrancoisgosselininc.ca\/en\/wp-json\/wp\/v2\/media?parent=3025"}],"wp:term":[{"taxonomy":"product_brand","embeddable":true,"href":"https:\/\/fermefrancoisgosselininc.ca\/en\/wp-json\/wp\/v2\/product_brand?post=3025"},{"taxonomy":"product_cat","embeddable":true,"href":"https:\/\/fermefrancoisgosselininc.ca\/en\/wp-json\/wp\/v2\/product_cat?post=3025"},{"taxonomy":"product_tag","embeddable":true,"href":"https:\/\/fermefrancoisgosselininc.ca\/en\/wp-json\/wp\/v2\/product_tag?post=3025"}],"curies":[{"name":"wp","href":"https:\/\/api.w.org\/{rel}","templated":true}]}}