{"id":17224,"date":"2026-02-05T11:45:27","date_gmt":"2026-02-05T16:45:27","guid":{"rendered":"https:\/\/fermefrancoisgosselininc.ca\/?post_type=product&#038;p=17224"},"modified":"2026-02-11T14:33:57","modified_gmt":"2026-02-11T19:33:57","slug":"sirop-derable-vieilli-en-fut-200-ml","status":"publish","type":"product","link":"https:\/\/fermefrancoisgosselininc.ca\/en\/product\/sirop-derable-vieilli-en-fut-200-ml\/","title":{"rendered":"Sirop d\u2019\u00e9rable vieilli en f\u00fbt (200 ml)"},"content":{"rendered":"<div class=\"vgblk-rw-wrapper limit-wrapper\">\n<div>D\u00e9couvrez ce sirop d&rsquo;\u00e9rable artisanal vieilli 4 mois en f\u00fbt de ch\u00eane de bourbon du Kentucky, un produit d&rsquo;exception fabriqu\u00e9 \u00e0 Saint-Laurent-de-l&rsquo;\u00cele-d&rsquo;Orl\u00e9ans. Cette m\u00e9thode de vieillissement unique conf\u00e8re au sirop d&rsquo;\u00e9rable des notes complexes de caramel, de vanille et de bois grill\u00e9, cr\u00e9ant une exp\u00e9rience gustative raffin\u00e9e et incomparable.<\/div>\n<div><\/div>\n<p>Ce sirop d&rsquo;\u00e9rable vieilli sans alcool conserve toute la puret\u00e9 du terroir qu\u00e9b\u00e9cois tout en s&rsquo;enrichissant des ar\u00f4mes subtils du bourbon. Le processus artisanal en f\u00fbt de ch\u00eane d\u00e9veloppe une profondeur de saveur exceptionnelle, parfaite pour les gourmets exigeants.<br \/>\nUtilisations gastronomiques<\/p>\n<div>Id\u00e9al pour accompagner vos cr\u00eapes, gaufres et desserts, ce sirop vieilli sublime \u00e9galement les marinades, vinaigrettes et cocktails signature. Son profil aromatique unique en fait un ingr\u00e9dient de choix pour la cuisine gastronomique et les cr\u00e9ations culinaires audacieuses.<br \/>\nProduit 100% qu\u00e9b\u00e9cois embouteill\u00e9 \u00e0 la main, ce sirop d&rsquo;\u00e9rable vieilli en f\u00fbt de bourbon repr\u00e9sente le mariage parfait entre tradition ac\u00e9ricole et innovation artisanale. Un cadeau gourmand d&rsquo;exception qui c\u00e9l\u00e8bre le savoir-faire local et la qualit\u00e9 des produits du terroir de l&rsquo;\u00cele d&rsquo;Orl\u00e9ans.<\/div>\n<\/div>\n<p><!-- .vgblk-rw-wrapper --><\/p>","protected":false},"excerpt":{"rendered":"<p>D\u00e9couvrez ce sirop d&rsquo;\u00e9rable artisanal vieilli 4 mois en f\u00fbt de ch\u00eane de bourbon du Kentucky, un produit d&rsquo;exception fabriqu\u00e9 \u00e0 Saint-Laurent-de-l&rsquo;\u00cele-d&rsquo;Orl\u00e9ans. Cette m\u00e9thode de vieillissement unique conf\u00e8re au sirop d&rsquo;\u00e9rable des notes complexes de caramel, de vanille et de bois grill\u00e9, cr\u00e9ant une exp\u00e9rience gustative raffin\u00e9e et incomparable. Ce sirop d&rsquo;\u00e9rable vieilli sans alcool&#8230;<\/p>","protected":false},"featured_media":17229,"comment_status":"closed","ping_status":"closed","template":"","meta":[],"product_brand":[],"product_cat":[32],"product_tag":[],"class_list":{"0":"post-17224","1":"product","2":"type-product","3":"status-publish","4":"has-post-thumbnail","6":"product_cat-sirop-derable","8":"first","9":"instock","10":"purchasable","11":"product-type-simple"},"yoast_head":"<!-- This site is optimized with the Yoast SEO plugin v20.4 - https:\/\/yoast.com\/wordpress\/plugins\/seo\/ -->\n<title>Sirop d\u2019\u00e9rable vieilli en f\u00fbt (200 ml) - Ferme Francois Gosselin<\/title>\n<meta name=\"robots\" content=\"index, follow, max-snippet:-1, max-image-preview:large, max-video-preview:-1\" \/>\n<link rel=\"canonical\" href=\"https:\/\/fermefrancoisgosselininc.ca\/en\/product\/sirop-derable-vieilli-en-fut-200-ml\/\" \/>\n<meta property=\"og:locale\" content=\"en_US\" \/>\n<meta property=\"og:type\" content=\"article\" \/>\n<meta property=\"og:title\" content=\"Sirop d\u2019\u00e9rable vieilli en f\u00fbt (200 ml) - Ferme Francois Gosselin\" \/>\n<meta property=\"og:description\" content=\"D\u00e9couvrez ce sirop d&rsquo;\u00e9rable artisanal vieilli 4 mois en f\u00fbt de ch\u00eane de bourbon du Kentucky, un produit d&rsquo;exception fabriqu\u00e9 \u00e0 Saint-Laurent-de-l&rsquo;\u00cele-d&rsquo;Orl\u00e9ans. Cette m\u00e9thode de vieillissement unique conf\u00e8re au sirop d&rsquo;\u00e9rable des notes complexes de caramel, de vanille et de bois grill\u00e9, cr\u00e9ant une exp\u00e9rience gustative raffin\u00e9e et incomparable. Ce sirop d&rsquo;\u00e9rable vieilli sans alcool...\" \/>\n<meta property=\"og:url\" content=\"https:\/\/fermefrancoisgosselininc.ca\/en\/product\/sirop-derable-vieilli-en-fut-200-ml\/\" \/>\n<meta property=\"og:site_name\" content=\"Ferme Francois Gosselin\" \/>\n<meta property=\"article:modified_time\" content=\"2026-02-11T19:33:57+00:00\" \/>\n<meta property=\"og:image\" content=\"https:\/\/fermefrancoisgosselininc.ca\/wp-content\/uploads\/2026\/02\/Sirop-derable-vieilli-en-fut-200-ml-1.png\" \/>\n\t<meta property=\"og:image:width\" content=\"1587\" \/>\n\t<meta property=\"og:image:height\" content=\"1587\" \/>\n\t<meta property=\"og:image:type\" content=\"image\/png\" \/>\n<meta name=\"twitter:card\" content=\"summary_large_image\" \/>\n<meta name=\"twitter:label1\" content=\"Est. reading time\" \/>\n\t<meta name=\"twitter:data1\" content=\"1 minute\" \/>\n<script type=\"application\/ld+json\" class=\"yoast-schema-graph\">{\"@context\":\"https:\/\/schema.org\",\"@graph\":[{\"@type\":\"WebPage\",\"@id\":\"https:\/\/fermefrancoisgosselininc.ca\/product\/sirop-derable-vieilli-en-fut-200-ml\/\",\"url\":\"https:\/\/fermefrancoisgosselininc.ca\/product\/sirop-derable-vieilli-en-fut-200-ml\/\",\"name\":\"Sirop d\u2019\u00e9rable vieilli en f\u00fbt (200 ml) - Ferme Francois Gosselin\",\"isPartOf\":{\"@id\":\"https:\/\/fermefrancoisgosselininc.ca\/#website\"},\"datePublished\":\"2026-02-05T16:45:27+00:00\",\"dateModified\":\"2026-02-11T19:33:57+00:00\",\"breadcrumb\":{\"@id\":\"https:\/\/fermefrancoisgosselininc.ca\/product\/sirop-derable-vieilli-en-fut-200-ml\/#breadcrumb\"},\"inLanguage\":\"en-CA\",\"potentialAction\":[{\"@type\":\"ReadAction\",\"target\":[\"https:\/\/fermefrancoisgosselininc.ca\/product\/sirop-derable-vieilli-en-fut-200-ml\/\"]}]},{\"@type\":\"BreadcrumbList\",\"@id\":\"https:\/\/fermefrancoisgosselininc.ca\/product\/sirop-derable-vieilli-en-fut-200-ml\/#breadcrumb\",\"itemListElement\":[{\"@type\":\"ListItem\",\"position\":1,\"name\":\"Accueil\",\"item\":\"https:\/\/fermefrancoisgosselininc.ca\/\"},{\"@type\":\"ListItem\",\"position\":2,\"name\":\"Sirop d\u2019\u00e9rable vieilli en f\u00fbt (200 ml)\"}]},{\"@type\":\"WebSite\",\"@id\":\"https:\/\/fermefrancoisgosselininc.ca\/#website\",\"url\":\"https:\/\/fermefrancoisgosselininc.ca\/\",\"name\":\"Ferme Francois Gosselin\",\"description\":\"Les fraises ont connais \u00e7a nous.\",\"publisher\":{\"@id\":\"https:\/\/fermefrancoisgosselininc.ca\/#organization\"},\"potentialAction\":[{\"@type\":\"SearchAction\",\"target\":{\"@type\":\"EntryPoint\",\"urlTemplate\":\"https:\/\/fermefrancoisgosselininc.ca\/?s={search_term_string}\"},\"query-input\":\"required name=search_term_string\"}],\"inLanguage\":\"en-CA\"},{\"@type\":\"Organization\",\"@id\":\"https:\/\/fermefrancoisgosselininc.ca\/#organization\",\"name\":\"Ferme Francois Gosselin\",\"url\":\"https:\/\/fermefrancoisgosselininc.ca\/\",\"logo\":{\"@type\":\"ImageObject\",\"inLanguage\":\"en-CA\",\"@id\":\"https:\/\/fermefrancoisgosselininc.ca\/#\/schema\/logo\/image\/\",\"url\":\"https:\/\/fermefrancoisgosselininc.ca\/wp-content\/uploads\/2023\/09\/FFG_Logo_Fraise_Rouge.png\",\"contentUrl\":\"https:\/\/fermefrancoisgosselininc.ca\/wp-content\/uploads\/2023\/09\/FFG_Logo_Fraise_Rouge.png\",\"width\":1200,\"height\":624,\"caption\":\"Ferme Francois Gosselin\"},\"image\":{\"@id\":\"https:\/\/fermefrancoisgosselininc.ca\/#\/schema\/logo\/image\/\"}}]}<\/script>\n<!-- \/ Yoast SEO plugin. -->","yoast_head_json":{"title":"Sirop d\u2019\u00e9rable vieilli en f\u00fbt (200 ml) - Ferme Francois Gosselin","robots":{"index":"index","follow":"follow","max-snippet":"max-snippet:-1","max-image-preview":"max-image-preview:large","max-video-preview":"max-video-preview:-1"},"canonical":"https:\/\/fermefrancoisgosselininc.ca\/en\/product\/sirop-derable-vieilli-en-fut-200-ml\/","og_locale":"en_US","og_type":"article","og_title":"Sirop d\u2019\u00e9rable vieilli en f\u00fbt (200 ml) - Ferme Francois Gosselin","og_description":"D\u00e9couvrez ce sirop d&rsquo;\u00e9rable artisanal vieilli 4 mois en f\u00fbt de ch\u00eane de bourbon du Kentucky, un produit d&rsquo;exception fabriqu\u00e9 \u00e0 Saint-Laurent-de-l&rsquo;\u00cele-d&rsquo;Orl\u00e9ans. Cette m\u00e9thode de vieillissement unique conf\u00e8re au sirop d&rsquo;\u00e9rable des notes complexes de caramel, de vanille et de bois grill\u00e9, cr\u00e9ant une exp\u00e9rience gustative raffin\u00e9e et incomparable. Ce sirop d&rsquo;\u00e9rable vieilli sans alcool...","og_url":"https:\/\/fermefrancoisgosselininc.ca\/en\/product\/sirop-derable-vieilli-en-fut-200-ml\/","og_site_name":"Ferme Francois Gosselin","article_modified_time":"2026-02-11T19:33:57+00:00","og_image":[{"width":1587,"height":1587,"url":"https:\/\/fermefrancoisgosselininc.ca\/wp-content\/uploads\/2026\/02\/Sirop-derable-vieilli-en-fut-200-ml-1.png","type":"image\/png"}],"twitter_card":"summary_large_image","twitter_misc":{"Est. reading time":"1 minute"},"schema":{"@context":"https:\/\/schema.org","@graph":[{"@type":"WebPage","@id":"https:\/\/fermefrancoisgosselininc.ca\/product\/sirop-derable-vieilli-en-fut-200-ml\/","url":"https:\/\/fermefrancoisgosselininc.ca\/product\/sirop-derable-vieilli-en-fut-200-ml\/","name":"Sirop d\u2019\u00e9rable vieilli en f\u00fbt (200 ml) - Ferme Francois Gosselin","isPartOf":{"@id":"https:\/\/fermefrancoisgosselininc.ca\/#website"},"datePublished":"2026-02-05T16:45:27+00:00","dateModified":"2026-02-11T19:33:57+00:00","breadcrumb":{"@id":"https:\/\/fermefrancoisgosselininc.ca\/product\/sirop-derable-vieilli-en-fut-200-ml\/#breadcrumb"},"inLanguage":"en-CA","potentialAction":[{"@type":"ReadAction","target":["https:\/\/fermefrancoisgosselininc.ca\/product\/sirop-derable-vieilli-en-fut-200-ml\/"]}]},{"@type":"BreadcrumbList","@id":"https:\/\/fermefrancoisgosselininc.ca\/product\/sirop-derable-vieilli-en-fut-200-ml\/#breadcrumb","itemListElement":[{"@type":"ListItem","position":1,"name":"Accueil","item":"https:\/\/fermefrancoisgosselininc.ca\/"},{"@type":"ListItem","position":2,"name":"Sirop d\u2019\u00e9rable vieilli en f\u00fbt (200 ml)"}]},{"@type":"WebSite","@id":"https:\/\/fermefrancoisgosselininc.ca\/#website","url":"https:\/\/fermefrancoisgosselininc.ca\/","name":"Ferme Francois Gosselin","description":"Les fraises ont connais \u00e7a nous.","publisher":{"@id":"https:\/\/fermefrancoisgosselininc.ca\/#organization"},"potentialAction":[{"@type":"SearchAction","target":{"@type":"EntryPoint","urlTemplate":"https:\/\/fermefrancoisgosselininc.ca\/?s={search_term_string}"},"query-input":"required name=search_term_string"}],"inLanguage":"en-CA"},{"@type":"Organization","@id":"https:\/\/fermefrancoisgosselininc.ca\/#organization","name":"Ferme Francois Gosselin","url":"https:\/\/fermefrancoisgosselininc.ca\/","logo":{"@type":"ImageObject","inLanguage":"en-CA","@id":"https:\/\/fermefrancoisgosselininc.ca\/#\/schema\/logo\/image\/","url":"https:\/\/fermefrancoisgosselininc.ca\/wp-content\/uploads\/2023\/09\/FFG_Logo_Fraise_Rouge.png","contentUrl":"https:\/\/fermefrancoisgosselininc.ca\/wp-content\/uploads\/2023\/09\/FFG_Logo_Fraise_Rouge.png","width":1200,"height":624,"caption":"Ferme Francois Gosselin"},"image":{"@id":"https:\/\/fermefrancoisgosselininc.ca\/#\/schema\/logo\/image\/"}}]}},"_links":{"self":[{"href":"https:\/\/fermefrancoisgosselininc.ca\/en\/wp-json\/wp\/v2\/product\/17224","targetHints":{"allow":["GET"]}}],"collection":[{"href":"https:\/\/fermefrancoisgosselininc.ca\/en\/wp-json\/wp\/v2\/product"}],"about":[{"href":"https:\/\/fermefrancoisgosselininc.ca\/en\/wp-json\/wp\/v2\/types\/product"}],"replies":[{"embeddable":true,"href":"https:\/\/fermefrancoisgosselininc.ca\/en\/wp-json\/wp\/v2\/comments?post=17224"}],"version-history":[{"count":4,"href":"https:\/\/fermefrancoisgosselininc.ca\/en\/wp-json\/wp\/v2\/product\/17224\/revisions"}],"predecessor-version":[{"id":17270,"href":"https:\/\/fermefrancoisgosselininc.ca\/en\/wp-json\/wp\/v2\/product\/17224\/revisions\/17270"}],"wp:featuredmedia":[{"embeddable":true,"href":"https:\/\/fermefrancoisgosselininc.ca\/en\/wp-json\/wp\/v2\/media\/17229"}],"wp:attachment":[{"href":"https:\/\/fermefrancoisgosselininc.ca\/en\/wp-json\/wp\/v2\/media?parent=17224"}],"wp:term":[{"taxonomy":"product_brand","embeddable":true,"href":"https:\/\/fermefrancoisgosselininc.ca\/en\/wp-json\/wp\/v2\/product_brand?post=17224"},{"taxonomy":"product_cat","embeddable":true,"href":"https:\/\/fermefrancoisgosselininc.ca\/en\/wp-json\/wp\/v2\/product_cat?post=17224"},{"taxonomy":"product_tag","embeddable":true,"href":"https:\/\/fermefrancoisgosselininc.ca\/en\/wp-json\/wp\/v2\/product_tag?post=17224"}],"curies":[{"name":"wp","href":"https:\/\/api.w.org\/{rel}","templated":true}]}}