{"id":56,"date":"2021-10-03T13:16:03","date_gmt":"2021-10-03T13:16:03","guid":{"rendered":"https:\/\/ferme.vamtam.com\/?page_id=56"},"modified":"2023-07-05T04:55:13","modified_gmt":"2023-07-05T04:55:13","slug":"politique-de-confidentialite","status":"publish","type":"page","link":"https:\/\/fermefrancoisgosselininc.ca\/en\/politique-de-confidentialite\/","title":{"rendered":"Privacy Policy"},"content":{"rendered":"<div data-elementor-type=\"wp-page\" data-elementor-id=\"56\" class=\"elementor elementor-56\">\n\t\t\t\t\t\t\t\t\t<section class=\"elementor-section elementor-top-section elementor-element elementor-element-17e60f0 elementor-section-content-top elementor-reverse-mobile elementor-section-boxed elementor-section-height-default elementor-section-height-default\" data-id=\"17e60f0\" data-element_type=\"section\">\n\t\t\t\t\t\t<div class=\"elementor-container elementor-column-gap-no\">\n\t\t\t\t\t<div class=\"elementor-column elementor-col-50 elementor-top-column elementor-element elementor-element-4809b58\" data-id=\"4809b58\" data-element_type=\"column\">\n\t\t\t<div class=\"elementor-widget-wrap elementor-element-populated\">\n\t\t\t\t\t\t\t\t<div class=\"vamtam-has-theme-widget-styles elementor-element elementor-element-d935224 elementor-widget elementor-widget-text-editor\" data-id=\"d935224\" data-element_type=\"widget\" data-widget_type=\"text-editor.default\">\n\t\t\t\t<div class=\"elementor-widget-container\">\n\t\t\t<style>\/*! elementor - v3.12.1 - 02-04-2023 *\/\n.elementor-widget-text-editor.elementor-drop-cap-view-stacked .elementor-drop-cap{background-color:#69727d;color:#fff}.elementor-widget-text-editor.elementor-drop-cap-view-framed .elementor-drop-cap{color:#69727d;border:3px solid;background-color:transparent}.elementor-widget-text-editor:not(.elementor-drop-cap-view-default) .elementor-drop-cap{margin-top:8px}.elementor-widget-text-editor:not(.elementor-drop-cap-view-default) .elementor-drop-cap-letter{width:1em;height:1em}.elementor-widget-text-editor .elementor-drop-cap{float:left;text-align:center;line-height:1;font-size:50px}.elementor-widget-text-editor .elementor-drop-cap-letter{display:inline-block}<\/style>\t\t\t\t<p class=\"p2\"><span class=\"s2\">Ferme Fran\u00e7ois Gosselin Inc. respects the privacy of each customer and is committed to confidentiality by legally using, protecting, retaining, and disclosing personal information to ensure quality service for its customers.<\/span><span class=\"s1\">Your personal information is important, which is why we are committed to ensuring it is adequately protected to maintain its confidentiality. Access will be strictly regulated and permitted only for the purposes outlined in this policy.<\/span><\/p><h2 class=\"p3\"><span class=\"s3\"><b>Collection of Personal Information<\/b><\/span><\/h2><p class=\"p4\"><span class=\"s1\">We collect the following information necessary for the sale and delivery of our products:<\/span><\/p><p class=\"p5\"><span class=\"s4\">Last Name<\/span><\/p><p class=\"p5\"><span class=\"s5\">First Name<\/span><\/p><p class=\"p6\"><span class=\"s1\">Mailing address<\/span><\/p><p class=\"p5\"><span class=\"s1\">Code postal<\/span><\/p><p class=\"p5\"><span class=\"s6\">Email address<\/span><\/p><p class=\"p5\"><span class=\"s6\">Phone number \/ Fax number<\/span><\/p><p class=\"p4\"><span class=\"s6\">Credit card number<\/span><\/p><p class=\"p7\"><span class=\"s2\">No personal information will be disclosed to anyone unless it is necessary and relevant for a third party to provide the required services for the sale and delivery of our products, specifically financial transactions.<\/span><\/p><p class=\"p8\"><span class=\"s2\">Your retained personal information is only that which is necessary for the purposes stated in this privacy policy, after which it will be securely destroyed and irreversibly erased.<\/span><\/p><h2 class=\"p9\"><span class=\"s7\"><b>Security<\/b><\/span><\/h2><p class=\"p10\"><span class=\"s6\">The personal information we collect is stored in a secure environment in a reasonable manner to ensure its protection. The individuals working for us\u00a0<\/span><span class=\"s7\">are required to maintain the confidentiality of your information. Access to personal data is restricted and granted only for necessary purposes.<\/span><\/p><p class=\"p11\"><span class=\"s7\">To ensure the security of your personal information, we have implemented appropriate technological, physical, and contractual security measures designed to protect it against loss, theft, and unauthorized access through adapted safeguards. We are committed to maintaining a high level of confidentiality by integrating the latest technological innovations to ensure the security of your transactions.<\/span><\/p><h2 class=\"p3\"><span class=\"s8\"><b>Forms and Interactivity:<\/b><\/span><\/h2><p class=\"p4\"><span class=\"s1\">Your personal information is collected through forms.\u00a0<\/span><span class=\"s2\">and through the interactivity established between you and our website. We also use cookies and\/or logs to gather information about you.<\/span><span class=\"s1\">, \u00e0 savoir :<\/span><\/p><ul class=\"ul1\"><li class=\"li4\"><span class=\"s1\">Website registration form<\/span><\/li><li class=\"li4\"><span class=\"s1\">Order<\/span><\/li><li class=\"li4\"><span class=\"s2\">Contest<\/span><\/li><\/ul><p class=\"p12\"><span class=\"s1\">We use the collected information for the following purposes:<\/span><\/p><ul class=\"ul1\"><li class=\"li4\"><span class=\"s2\">Order tracking<\/span><\/li><li class=\"li12\"><span class=\"s1\">Information \/ Promotional offers<\/span><\/li><li class=\"li4\"><span class=\"s1\">Statistics<\/span><\/li><li class=\"li4\"><span class=\"s6\">Contact<\/span><\/li><li class=\"li4\"><span class=\"s1\">Gestion du site Web (pr\u00e9sentation, organisation)<\/span><\/li><\/ul><p class=\"p13\"><span class=\"s7\">Your information is also collected through the interactivity that may occur between you and our website in the following ways:<\/span><\/p><ul class=\"ul1\"><li class=\"li13\"><span class=\"s7\">Statistics<\/span><\/li><li class=\"li13\"><span class=\"s7\">Contact<\/span><\/li><li class=\"li13\"><span class=\"s7\">Website management (layout, organization)<\/span><\/li><\/ul><p class=\"p13\"><span class=\"s1\">We use the collected information for the following purposes:<\/span><\/p><ul class=\"ul1\"><li class=\"li5\"><span class=\"s2\">Comments<\/span><\/li><li class=\"li6\"><span class=\"s1\">Correspondence<\/span><\/li><li class=\"li5\"><span class=\"s1\">Information or promotional offers<\/span><\/li><\/ul><h2 class=\"p9\"><span class=\"s3\"><b>Log Files and Cookies<\/b><\/span><\/h2><p class=\"p10\"><span class=\"s7\">We collect certain information through log files and cookies, mainly the following:<\/span><\/p><ul class=\"ul1\"><li class=\"li10\"><span class=\"s1\">IP address<\/span><\/li><li class=\"li10\"><span class=\"s7\">Operating system<\/span><\/li><li class=\"li10\"><span class=\"s7\">Pages visited and queries<\/span><\/li><li class=\"li10\"><span class=\"s7\">Time and date of connection<\/span><\/li><\/ul><p class=\"p10\"><span class=\"s7\">The use of such files allows us to:<\/span><\/p><ul class=\"ul1\"><li class=\"li10\"><span class=\"s3\">Improve service and provide personalized support<\/span><\/li><li class=\"li10\"><span class=\"s7\">Personalized consumption profile<\/span><\/li><li class=\"li10\"><span class=\"s6\">Order tracking<\/span><\/li><li class=\"li11\"><span class=\"s3\">Statistics<\/span><\/li><\/ul><h2 class=\"p3\"><span class=\"s7\"><b>Right of access<\/b><\/span><\/h2><p class=\"p16\"><span class=\"s7\">We are committed to recognizing the right of access and correction for individuals who wish to consult, or even<\/span><\/p><p class=\"p10\"><span class=\"s7\">delete their personal information.<\/span><\/p><p class=\"p10\"><span class=\"s7\">The exercise of this right can be done by contacting:<\/span><\/p><p class=\"p16\"><span class=\"s7\">Postal code: 7548 ch. Royal, Saint-Laurent-de-l'\u00cele-d'Orl\u00e9ans G0A3Z0<\/span><\/p><p class=\"p17\"><span class=\"s11\">Courriel :\u00a0<a href=\"mailto:info@fraisesgosselin.com\"><span class=\"s12\">info@fraisesgosselin.com<\/span><\/a><\/span><\/p><p class=\"p16\"><span class=\"s7\">Phone: 418-757-1362<\/span><\/p><p class=\"p11\"><span class=\"s7\">Website section: https:\/\/fermefrancoisgosselininc.ca\/<\/span><\/p><h2 class=\"p9\"><span class=\"s7\"><b>Legislation<\/b><\/span><\/h2><p class=\"p10\"><span class=\"s7\">This privacy policy complies with all applicable federal and provincial laws.<\/span><\/p>\t\t\t\t\t\t<\/div>\n\t\t\t\t<\/div>\n\t\t\t\t\t<\/div>\n\t\t<\/div>\n\t\t\t\t<div class=\"elementor-column elementor-col-50 elementor-top-column elementor-element elementor-element-ce3476e\" data-id=\"ce3476e\" data-element_type=\"column\">\n\t\t\t<div class=\"elementor-widget-wrap elementor-element-populated\">\n\t\t\t\t\t\t\t\t<section class=\"elementor-section elementor-inner-section elementor-element elementor-element-1a3c9ce elementor-section-boxed elementor-section-height-default elementor-section-height-default\" data-id=\"1a3c9ce\" data-element_type=\"section\" data-settings=\"{&quot;background_background&quot;:&quot;classic&quot;,&quot;sticky&quot;:&quot;top&quot;,&quot;sticky_on&quot;:[&quot;desktop&quot;,&quot;tablet&quot;],&quot;sticky_parent&quot;:&quot;yes&quot;,&quot;sticky_offset&quot;:90,&quot;sticky_effects_offset&quot;:0}\">\n\t\t\t\t\t\t<div class=\"elementor-container elementor-column-gap-no\">\n\t\t\t\t\t<div class=\"elementor-column elementor-col-100 elementor-inner-column elementor-element elementor-element-cff1bc3\" data-id=\"cff1bc3\" data-element_type=\"column\" data-settings=\"{&quot;background_background&quot;:&quot;classic&quot;}\">\n\t\t\t<div class=\"elementor-widget-wrap elementor-element-populated\">\n\t\t\t\t\t\t\t\t<div class=\"vamtam-has-theme-widget-styles elementor-element elementor-element-d1cf260 elementor-widget elementor-widget-image\" data-id=\"d1cf260\" data-element_type=\"widget\" data-widget_type=\"image.default\">\n\t\t\t\t<div class=\"elementor-widget-container\">\n\t\t\t<style>\/*! elementor - v3.12.1 - 02-04-2023 *\/\n.elementor-widget-image{text-align:center}.elementor-widget-image a{display:inline-block}.elementor-widget-image a img[src$=\".svg\"]{width:48px}.elementor-widget-image img{vertical-align:middle;display:inline-block}<\/style>\t\t\t\t<div class=\"elementor-image\">\n\t\t\t\t\t\t\t\t\t\t\t\t\t\t\t\t\t\t\t\t\t<img loading=\"lazy\" decoding=\"async\" width=\"150\" height=\"150\" src=\"https:\/\/fermefrancoisgosselininc.ca\/wp-content\/uploads\/2023\/06\/fraise2.png\" class=\"attachment-full size-full wp-image-15712\" alt=\"\" \/>\t\t\t\t\t\t\t\t\t\t\t\t\t\t\t\t\t\t\t\t\t\t\t\t<\/div>\n\t\t\t\t\t\t<\/div>\n\t\t\t\t<\/div>\n\t\t\t\t<div class=\"vamtam-has-theme-widget-styles elementor-element elementor-element-73e964d elementor-widget elementor-widget-heading\" data-id=\"73e964d\" data-element_type=\"widget\" data-widget_type=\"heading.default\">\n\t\t\t\t<div class=\"elementor-widget-container\">\n\t\t\t<style>\/*! elementor - v3.12.1 - 02-04-2023 *\/\n.elementor-heading-title{padding:0;margin:0;line-height:1}.elementor-widget-heading .elementor-heading-title[class*=elementor-size-]>a{color:inherit;font-size:inherit;line-height:inherit}.elementor-widget-heading .elementor-heading-title.elementor-size-small{font-size:15px}.elementor-widget-heading .elementor-heading-title.elementor-size-medium{font-size:19px}.elementor-widget-heading .elementor-heading-title.elementor-size-large{font-size:29px}.elementor-widget-heading .elementor-heading-title.elementor-size-xl{font-size:39px}.elementor-widget-heading .elementor-heading-title.elementor-size-xxl{font-size:59px}<\/style><h4 class=\"elementor-heading-title elementor-size-default\">Ferme Fran\u00e7ois Gosselin<\/h4>\t\t<\/div>\n\t\t\t\t<\/div>\n\t\t\t\t<div class=\"vamtam-has-theme-widget-styles elementor-element elementor-element-6a10559 elementor-widget elementor-widget-text-editor\" data-id=\"6a10559\" data-element_type=\"widget\" data-widget_type=\"text-editor.default\">\n\t\t\t\t<div class=\"elementor-widget-container\">\n\t\t\t\t\t\t\t<p>7549 Chem. Royal, Saint-Laurent-de-l&rsquo;\u00cele-d&rsquo;Orl\u00e9ans, QC G0A 3Z0<\/p>\t\t\t\t\t\t<\/div>\n\t\t\t\t<\/div>\n\t\t\t\t<div class=\"vamtam-has-theme-widget-styles elementor-element elementor-element-ec8cabe elementor-widget elementor-widget-text-editor\" data-id=\"ec8cabe\" data-element_type=\"widget\" data-widget_type=\"text-editor.default\">\n\t\t\t\t<div class=\"elementor-widget-container\">\n\t\t\t\t\t\t\t<p><strong>By phone:<\/strong> <a href=\"tel:(418) 828-2866\"><span aria-label=\"Appeler le num\u00e9ro (418) 828-2866\">(418) 828-2866<\/span><\/a><br \/><strong>Email:<\/strong> <a href=\"mailto:info@fraisesgosselin.com\">info@fraisesgosselin.com<\/a><\/p>\t\t\t\t\t\t<\/div>\n\t\t\t\t<\/div>\n\t\t\t\t<div class=\"elementor-element elementor-element-450dfb8 e-transform elementor-widget__width-auto elementor-widget-divider--view-line elementor-widget elementor-widget-divider\" data-id=\"450dfb8\" data-element_type=\"widget\" data-settings=\"{&quot;_transform_rotateZ_effect&quot;:{&quot;unit&quot;:&quot;px&quot;,&quot;size&quot;:90,&quot;sizes&quot;:[]},&quot;_transform_rotateZ_effect_tablet&quot;:{&quot;unit&quot;:&quot;deg&quot;,&quot;size&quot;:&quot;&quot;,&quot;sizes&quot;:[]},&quot;_transform_rotateZ_effect_mobile&quot;:{&quot;unit&quot;:&quot;deg&quot;,&quot;size&quot;:&quot;&quot;,&quot;sizes&quot;:[]}}\" data-widget_type=\"divider.default\">\n\t\t\t\t<div class=\"elementor-widget-container\">\n\t\t\t<style>\/*! elementor - v3.12.1 - 02-04-2023 *\/\n.elementor-widget-divider{--divider-border-style:none;--divider-border-width:1px;--divider-color:#0c0d0e;--divider-icon-size:20px;--divider-element-spacing:10px;--divider-pattern-height:24px;--divider-pattern-size:20px;--divider-pattern-url:none;--divider-pattern-repeat:repeat-x}.elementor-widget-divider .elementor-divider{display:flex}.elementor-widget-divider .elementor-divider__text{font-size:15px;line-height:1;max-width:95%}.elementor-widget-divider .elementor-divider__element{margin:0 var(--divider-element-spacing);flex-shrink:0}.elementor-widget-divider .elementor-icon{font-size:var(--divider-icon-size)}.elementor-widget-divider .elementor-divider-separator{display:flex;margin:0;direction:ltr}.elementor-widget-divider--view-line_icon .elementor-divider-separator,.elementor-widget-divider--view-line_text .elementor-divider-separator{align-items:center}.elementor-widget-divider--view-line_icon .elementor-divider-separator:after,.elementor-widget-divider--view-line_icon .elementor-divider-separator:before,.elementor-widget-divider--view-line_text .elementor-divider-separator:after,.elementor-widget-divider--view-line_text .elementor-divider-separator:before{display:block;content:\"\";border-bottom:0;flex-grow:1;border-top:var(--divider-border-width) var(--divider-border-style) var(--divider-color)}.elementor-widget-divider--element-align-left .elementor-divider .elementor-divider-separator>.elementor-divider__svg:first-of-type{flex-grow:0;flex-shrink:100}.elementor-widget-divider--element-align-left .elementor-divider-separator:before{content:none}.elementor-widget-divider--element-align-left .elementor-divider__element{margin-left:0}.elementor-widget-divider--element-align-right .elementor-divider .elementor-divider-separator>.elementor-divider__svg:last-of-type{flex-grow:0;flex-shrink:100}.elementor-widget-divider--element-align-right .elementor-divider-separator:after{content:none}.elementor-widget-divider--element-align-right .elementor-divider__element{margin-right:0}.elementor-widget-divider:not(.elementor-widget-divider--view-line_text):not(.elementor-widget-divider--view-line_icon) .elementor-divider-separator{border-top:var(--divider-border-width) var(--divider-border-style) var(--divider-color)}.elementor-widget-divider--separator-type-pattern{--divider-border-style:none}.elementor-widget-divider--separator-type-pattern.elementor-widget-divider--view-line .elementor-divider-separator,.elementor-widget-divider--separator-type-pattern:not(.elementor-widget-divider--view-line) .elementor-divider-separator:after,.elementor-widget-divider--separator-type-pattern:not(.elementor-widget-divider--view-line) .elementor-divider-separator:before,.elementor-widget-divider--separator-type-pattern:not([class*=elementor-widget-divider--view]) .elementor-divider-separator{width:100%;min-height:var(--divider-pattern-height);-webkit-mask-size:var(--divider-pattern-size) 100%;mask-size:var(--divider-pattern-size) 100%;-webkit-mask-repeat:var(--divider-pattern-repeat);mask-repeat:var(--divider-pattern-repeat);background-color:var(--divider-color);-webkit-mask-image:var(--divider-pattern-url);mask-image:var(--divider-pattern-url)}.elementor-widget-divider--no-spacing{--divider-pattern-size:auto}.elementor-widget-divider--bg-round{--divider-pattern-repeat:round}.rtl .elementor-widget-divider .elementor-divider__text{direction:rtl}.e-con-inner>.elementor-widget-divider,.e-con>.elementor-widget-divider{width:var(--container-widget-width,100%);--flex-grow:var(--container-widget-flex-grow)}<\/style>\t\t<div class=\"elementor-divider\">\n\t\t\t<span class=\"elementor-divider-separator\">\n\t\t\t\t\t\t<\/span>\n\t\t<\/div>\n\t\t\t\t<\/div>\n\t\t\t\t<\/div>\n\t\t\t\t\t<\/div>\n\t\t<\/div>\n\t\t\t\t\t\t\t<\/div>\n\t\t<\/section>\n\t\t\t\t\t<\/div>\n\t\t<\/div>\n\t\t\t\t\t\t\t<\/div>\n\t\t<\/section>\n\t\t\t\t\t\t\t<\/div>","protected":false},"excerpt":{"rendered":"<p>Ferme Fran\u00e7ois Gosselin Inc. respecte la vie priv\u00e9e de chaque client et s\u2019engage en mati\u00e8re de confidentialit\u00e9 \u00e0 utiliser, prot\u00e9ger, conserver et divulguer les renseignements personnels de mani\u00e8re l\u00e9gale ainsi que pour assurer un service de qualit\u00e9 \u00e0 sa client\u00e8le. Vos renseignements personnels sont importants, c\u2019est pour cette raison que nous nous engageons \u00e0 ce&#8230;<\/p>","protected":false},"author":1,"featured_media":7770,"parent":0,"menu_order":0,"comment_status":"closed","ping_status":"closed","template":"","meta":{"footnotes":""},"class_list":["post-56","page","type-page","status-publish","has-post-thumbnail","hentry"],"yoast_head":"<!-- This site is optimized with the Yoast SEO plugin v20.4 - https:\/\/yoast.com\/wordpress\/plugins\/seo\/ -->\n<title>Politique de confidentialit\u00e9 - Ferme Francois Gosselin<\/title>\n<meta name=\"robots\" content=\"index, follow, max-snippet:-1, max-image-preview:large, max-video-preview:-1\" \/>\n<link rel=\"canonical\" href=\"https:\/\/fermefrancoisgosselininc.ca\/en\/politique-de-confidentialite\/\" \/>\n<meta property=\"og:locale\" content=\"en_US\" \/>\n<meta property=\"og:type\" content=\"article\" \/>\n<meta property=\"og:title\" content=\"Politique de confidentialit\u00e9 - Ferme Francois Gosselin\" \/>\n<meta property=\"og:description\" content=\"Ferme Fran\u00e7ois Gosselin Inc. respecte la vie priv\u00e9e de chaque client et s\u2019engage en mati\u00e8re de confidentialit\u00e9 \u00e0 utiliser, prot\u00e9ger, conserver et divulguer les renseignements personnels de mani\u00e8re l\u00e9gale ainsi que pour assurer un service de qualit\u00e9 \u00e0 sa client\u00e8le. Vos renseignements personnels sont importants, c\u2019est pour cette raison que nous nous engageons \u00e0 ce...\" \/>\n<meta property=\"og:url\" content=\"https:\/\/fermefrancoisgosselininc.ca\/en\/politique-de-confidentialite\/\" \/>\n<meta property=\"og:site_name\" content=\"Ferme Francois Gosselin\" \/>\n<meta property=\"article:modified_time\" content=\"2023-07-05T04:55:13+00:00\" \/>\n<meta property=\"og:image\" content=\"https:\/\/fermefrancoisgosselininc.ca\/wp-content\/uploads\/2021\/12\/pexels-gary-barnes-6231587-1.jpg\" \/>\n\t<meta property=\"og:image:width\" content=\"720\" \/>\n\t<meta property=\"og:image:height\" content=\"769\" \/>\n\t<meta property=\"og:image:type\" content=\"image\/jpeg\" \/>\n<meta name=\"twitter:card\" content=\"summary_large_image\" \/>\n<meta name=\"twitter:label1\" content=\"Est. reading time\" \/>\n\t<meta name=\"twitter:data1\" content=\"3 minutes\" \/>\n<script type=\"application\/ld+json\" class=\"yoast-schema-graph\">{\"@context\":\"https:\/\/schema.org\",\"@graph\":[{\"@type\":\"WebPage\",\"@id\":\"https:\/\/fermefrancoisgosselininc.ca\/politique-de-confidentialite\/\",\"url\":\"https:\/\/fermefrancoisgosselininc.ca\/politique-de-confidentialite\/\",\"name\":\"Politique de confidentialit\u00e9 - Ferme Francois Gosselin\",\"isPartOf\":{\"@id\":\"https:\/\/fermefrancoisgosselininc.ca\/#website\"},\"datePublished\":\"2021-10-03T13:16:03+00:00\",\"dateModified\":\"2023-07-05T04:55:13+00:00\",\"breadcrumb\":{\"@id\":\"https:\/\/fermefrancoisgosselininc.ca\/politique-de-confidentialite\/#breadcrumb\"},\"inLanguage\":\"en-CA\",\"potentialAction\":[{\"@type\":\"ReadAction\",\"target\":[\"https:\/\/fermefrancoisgosselininc.ca\/politique-de-confidentialite\/\"]}]},{\"@type\":\"BreadcrumbList\",\"@id\":\"https:\/\/fermefrancoisgosselininc.ca\/politique-de-confidentialite\/#breadcrumb\",\"itemListElement\":[{\"@type\":\"ListItem\",\"position\":1,\"name\":\"Accueil\",\"item\":\"https:\/\/fermefrancoisgosselininc.ca\/\"},{\"@type\":\"ListItem\",\"position\":2,\"name\":\"Politique de confidentialit\u00e9\"}]},{\"@type\":\"WebSite\",\"@id\":\"https:\/\/fermefrancoisgosselininc.ca\/#website\",\"url\":\"https:\/\/fermefrancoisgosselininc.ca\/\",\"name\":\"Ferme Francois Gosselin\",\"description\":\"Les fraises ont connais \u00e7a nous.\",\"publisher\":{\"@id\":\"https:\/\/fermefrancoisgosselininc.ca\/#organization\"},\"potentialAction\":[{\"@type\":\"SearchAction\",\"target\":{\"@type\":\"EntryPoint\",\"urlTemplate\":\"https:\/\/fermefrancoisgosselininc.ca\/?s={search_term_string}\"},\"query-input\":\"required name=search_term_string\"}],\"inLanguage\":\"en-CA\"},{\"@type\":\"Organization\",\"@id\":\"https:\/\/fermefrancoisgosselininc.ca\/#organization\",\"name\":\"Ferme Francois Gosselin\",\"url\":\"https:\/\/fermefrancoisgosselininc.ca\/\",\"logo\":{\"@type\":\"ImageObject\",\"inLanguage\":\"en-CA\",\"@id\":\"https:\/\/fermefrancoisgosselininc.ca\/#\/schema\/logo\/image\/\",\"url\":\"https:\/\/fermefrancoisgosselininc.ca\/wp-content\/uploads\/2023\/09\/FFG_Logo_Fraise_Rouge.png\",\"contentUrl\":\"https:\/\/fermefrancoisgosselininc.ca\/wp-content\/uploads\/2023\/09\/FFG_Logo_Fraise_Rouge.png\",\"width\":1200,\"height\":624,\"caption\":\"Ferme Francois Gosselin\"},\"image\":{\"@id\":\"https:\/\/fermefrancoisgosselininc.ca\/#\/schema\/logo\/image\/\"}}]}<\/script>\n<!-- \/ Yoast SEO plugin. -->","yoast_head_json":{"title":"Politique de confidentialit\u00e9 - Ferme Francois Gosselin","robots":{"index":"index","follow":"follow","max-snippet":"max-snippet:-1","max-image-preview":"max-image-preview:large","max-video-preview":"max-video-preview:-1"},"canonical":"https:\/\/fermefrancoisgosselininc.ca\/en\/politique-de-confidentialite\/","og_locale":"en_US","og_type":"article","og_title":"Politique de confidentialit\u00e9 - Ferme Francois Gosselin","og_description":"Ferme Fran\u00e7ois Gosselin Inc. respecte la vie priv\u00e9e de chaque client et s\u2019engage en mati\u00e8re de confidentialit\u00e9 \u00e0 utiliser, prot\u00e9ger, conserver et divulguer les renseignements personnels de mani\u00e8re l\u00e9gale ainsi que pour assurer un service de qualit\u00e9 \u00e0 sa client\u00e8le. Vos renseignements personnels sont importants, c\u2019est pour cette raison que nous nous engageons \u00e0 ce...","og_url":"https:\/\/fermefrancoisgosselininc.ca\/en\/politique-de-confidentialite\/","og_site_name":"Ferme Francois Gosselin","article_modified_time":"2023-07-05T04:55:13+00:00","og_image":[{"width":720,"height":769,"url":"https:\/\/fermefrancoisgosselininc.ca\/wp-content\/uploads\/2021\/12\/pexels-gary-barnes-6231587-1.jpg","type":"image\/jpeg"}],"twitter_card":"summary_large_image","twitter_misc":{"Est. reading time":"3 minutes"},"schema":{"@context":"https:\/\/schema.org","@graph":[{"@type":"WebPage","@id":"https:\/\/fermefrancoisgosselininc.ca\/politique-de-confidentialite\/","url":"https:\/\/fermefrancoisgosselininc.ca\/politique-de-confidentialite\/","name":"Politique de confidentialit\u00e9 - Ferme Francois Gosselin","isPartOf":{"@id":"https:\/\/fermefrancoisgosselininc.ca\/#website"},"datePublished":"2021-10-03T13:16:03+00:00","dateModified":"2023-07-05T04:55:13+00:00","breadcrumb":{"@id":"https:\/\/fermefrancoisgosselininc.ca\/politique-de-confidentialite\/#breadcrumb"},"inLanguage":"en-CA","potentialAction":[{"@type":"ReadAction","target":["https:\/\/fermefrancoisgosselininc.ca\/politique-de-confidentialite\/"]}]},{"@type":"BreadcrumbList","@id":"https:\/\/fermefrancoisgosselininc.ca\/politique-de-confidentialite\/#breadcrumb","itemListElement":[{"@type":"ListItem","position":1,"name":"Accueil","item":"https:\/\/fermefrancoisgosselininc.ca\/"},{"@type":"ListItem","position":2,"name":"Politique de confidentialit\u00e9"}]},{"@type":"WebSite","@id":"https:\/\/fermefrancoisgosselininc.ca\/#website","url":"https:\/\/fermefrancoisgosselininc.ca\/","name":"Ferme Francois Gosselin","description":"Les fraises ont connais \u00e7a nous.","publisher":{"@id":"https:\/\/fermefrancoisgosselininc.ca\/#organization"},"potentialAction":[{"@type":"SearchAction","target":{"@type":"EntryPoint","urlTemplate":"https:\/\/fermefrancoisgosselininc.ca\/?s={search_term_string}"},"query-input":"required name=search_term_string"}],"inLanguage":"en-CA"},{"@type":"Organization","@id":"https:\/\/fermefrancoisgosselininc.ca\/#organization","name":"Ferme Francois Gosselin","url":"https:\/\/fermefrancoisgosselininc.ca\/","logo":{"@type":"ImageObject","inLanguage":"en-CA","@id":"https:\/\/fermefrancoisgosselininc.ca\/#\/schema\/logo\/image\/","url":"https:\/\/fermefrancoisgosselininc.ca\/wp-content\/uploads\/2023\/09\/FFG_Logo_Fraise_Rouge.png","contentUrl":"https:\/\/fermefrancoisgosselininc.ca\/wp-content\/uploads\/2023\/09\/FFG_Logo_Fraise_Rouge.png","width":1200,"height":624,"caption":"Ferme Francois Gosselin"},"image":{"@id":"https:\/\/fermefrancoisgosselininc.ca\/#\/schema\/logo\/image\/"}}]}},"_links":{"self":[{"href":"https:\/\/fermefrancoisgosselininc.ca\/en\/wp-json\/wp\/v2\/pages\/56","targetHints":{"allow":["GET"]}}],"collection":[{"href":"https:\/\/fermefrancoisgosselininc.ca\/en\/wp-json\/wp\/v2\/pages"}],"about":[{"href":"https:\/\/fermefrancoisgosselininc.ca\/en\/wp-json\/wp\/v2\/types\/page"}],"author":[{"embeddable":true,"href":"https:\/\/fermefrancoisgosselininc.ca\/en\/wp-json\/wp\/v2\/users\/1"}],"replies":[{"embeddable":true,"href":"https:\/\/fermefrancoisgosselininc.ca\/en\/wp-json\/wp\/v2\/comments?post=56"}],"version-history":[{"count":7,"href":"https:\/\/fermefrancoisgosselininc.ca\/en\/wp-json\/wp\/v2\/pages\/56\/revisions"}],"predecessor-version":[{"id":15785,"href":"https:\/\/fermefrancoisgosselininc.ca\/en\/wp-json\/wp\/v2\/pages\/56\/revisions\/15785"}],"wp:featuredmedia":[{"embeddable":true,"href":"https:\/\/fermefrancoisgosselininc.ca\/en\/wp-json\/wp\/v2\/media\/7770"}],"wp:attachment":[{"href":"https:\/\/fermefrancoisgosselininc.ca\/en\/wp-json\/wp\/v2\/media?parent=56"}],"curies":[{"name":"wp","href":"https:\/\/api.w.org\/{rel}","templated":true}]}}