{"id":44,"date":"2021-10-03T13:14:46","date_gmt":"2021-10-03T13:14:46","guid":{"rendered":"https:\/\/ferme.vamtam.com\/?page_id=44"},"modified":"2025-07-13T16:05:57","modified_gmt":"2025-07-13T21:05:57","slug":"autocueillette","status":"publish","type":"page","link":"https:\/\/fermefrancoisgosselininc.ca\/en\/autocueillette\/","title":{"rendered":"Pick-your-own"},"content":{"rendered":"<div data-elementor-type=\"wp-page\" data-elementor-id=\"44\" class=\"elementor elementor-44\">\n\t\t\t\t\t\t\t\t\t<section class=\"elementor-section elementor-top-section elementor-element elementor-element-60095e6 elementor-section-content-middle elementor-section-boxed elementor-section-height-default elementor-section-height-default\" data-id=\"60095e6\" data-element_type=\"section\" data-settings=\"{&quot;background_background&quot;:&quot;classic&quot;}\">\n\t\t\t\t\t\t<div class=\"elementor-container elementor-column-gap-no\">\n\t\t\t\t\t<div class=\"elementor-column elementor-col-100 elementor-top-column elementor-element elementor-element-9a0e10c\" data-id=\"9a0e10c\" data-element_type=\"column\">\n\t\t\t<div class=\"elementor-widget-wrap elementor-element-populated\">\n\t\t\t\t\t\t\t\t<section class=\"elementor-section elementor-inner-section elementor-element elementor-element-5387715 elementor-section-height-min-height elementor-section-content-middle elementor-section-boxed elementor-section-height-default\" data-id=\"5387715\" data-element_type=\"section\">\n\t\t\t\t\t\t<div class=\"elementor-container elementor-column-gap-no\">\n\t\t\t\t\t<div class=\"elementor-column elementor-col-100 elementor-inner-column elementor-element elementor-element-0d87338\" data-id=\"0d87338\" data-element_type=\"column\">\n\t\t\t<div class=\"elementor-widget-wrap elementor-element-populated\">\n\t\t\t\t\t\t\t\t\t<\/div>\n\t\t<\/div>\n\t\t\t\t\t\t\t<\/div>\n\t\t<\/section>\n\t\t\t\t<section class=\"elementor-section elementor-inner-section elementor-element elementor-element-e8c778d elementor-section-boxed elementor-section-height-default elementor-section-height-default\" data-id=\"e8c778d\" data-element_type=\"section\">\n\t\t\t\t\t\t<div class=\"elementor-container elementor-column-gap-no\">\n\t\t\t\t\t<div class=\"elementor-column elementor-col-100 elementor-inner-column elementor-element elementor-element-f546532\" data-id=\"f546532\" data-element_type=\"column\">\n\t\t\t<div class=\"elementor-widget-wrap elementor-element-populated\">\n\t\t\t\t\t\t\t\t<div class=\"elementor-element elementor-element-283b7e6 elementor-widget elementor-widget-spacer\" data-id=\"283b7e6\" data-element_type=\"widget\" data-widget_type=\"spacer.default\">\n\t\t\t\t<div class=\"elementor-widget-container\">\n\t\t\t<style>\/*! elementor - v3.12.1 - 02-04-2023 *\/\n.elementor-column .elementor-spacer-inner{height:var(--spacer-size)}.e-con{--container-widget-width:100%}.e-con-inner>.elementor-widget-spacer,.e-con>.elementor-widget-spacer{width:var(--container-widget-width,var(--spacer-size));--align-self:var(--container-widget-align-self,initial);--flex-shrink:0}.e-con-inner>.elementor-widget-spacer>.elementor-widget-container,.e-con-inner>.elementor-widget-spacer>.elementor-widget-container>.elementor-spacer,.e-con>.elementor-widget-spacer>.elementor-widget-container,.e-con>.elementor-widget-spacer>.elementor-widget-container>.elementor-spacer{height:100%}.e-con-inner>.elementor-widget-spacer>.elementor-widget-container>.elementor-spacer>.elementor-spacer-inner,.e-con>.elementor-widget-spacer>.elementor-widget-container>.elementor-spacer>.elementor-spacer-inner{height:var(--container-widget-height,var(--spacer-size))}<\/style>\t\t<div class=\"elementor-spacer\">\n\t\t\t<div class=\"elementor-spacer-inner\"><\/div>\n\t\t<\/div>\n\t\t\t\t<\/div>\n\t\t\t\t<\/div>\n\t\t\t\t\t<\/div>\n\t\t<\/div>\n\t\t\t\t\t\t\t<\/div>\n\t\t<\/section>\n\t\t\t\t\t<\/div>\n\t\t<\/div>\n\t\t\t\t\t\t\t<\/div>\n\t\t<\/section>\n\t\t\t\t<section class=\"elementor-section elementor-top-section elementor-element elementor-element-8e041a7 elementor-section-boxed elementor-section-height-default elementor-section-height-default\" data-id=\"8e041a7\" data-element_type=\"section\">\n\t\t\t\t\t\t<div class=\"elementor-container elementor-column-gap-default\">\n\t\t\t\t\t<div class=\"elementor-column elementor-col-50 elementor-top-column elementor-element elementor-element-fd47752\" data-id=\"fd47752\" data-element_type=\"column\" data-settings=\"{&quot;background_background&quot;:&quot;classic&quot;}\">\n\t\t\t<div class=\"elementor-widget-wrap elementor-element-populated\">\n\t\t\t\t\t\t\t\t<div class=\"elementor-element elementor-element-8231c1e e-transform elementor-widget__width-auto elementor-absolute elementor-widget-divider--view-line elementor-widget elementor-widget-divider\" data-id=\"8231c1e\" data-element_type=\"widget\" data-settings=\"{&quot;_transform_rotateZ_effect&quot;:{&quot;unit&quot;:&quot;px&quot;,&quot;size&quot;:90,&quot;sizes&quot;:[]},&quot;_position&quot;:&quot;absolute&quot;,&quot;_transform_rotateZ_effect_tablet&quot;:{&quot;unit&quot;:&quot;deg&quot;,&quot;size&quot;:&quot;&quot;,&quot;sizes&quot;:[]},&quot;_transform_rotateZ_effect_mobile&quot;:{&quot;unit&quot;:&quot;deg&quot;,&quot;size&quot;:&quot;&quot;,&quot;sizes&quot;:[]}}\" data-widget_type=\"divider.default\">\n\t\t\t\t<div class=\"elementor-widget-container\">\n\t\t\t<style>\/*! elementor - v3.12.1 - 02-04-2023 *\/\n.elementor-widget-divider{--divider-border-style:none;--divider-border-width:1px;--divider-color:#0c0d0e;--divider-icon-size:20px;--divider-element-spacing:10px;--divider-pattern-height:24px;--divider-pattern-size:20px;--divider-pattern-url:none;--divider-pattern-repeat:repeat-x}.elementor-widget-divider .elementor-divider{display:flex}.elementor-widget-divider .elementor-divider__text{font-size:15px;line-height:1;max-width:95%}.elementor-widget-divider .elementor-divider__element{margin:0 var(--divider-element-spacing);flex-shrink:0}.elementor-widget-divider .elementor-icon{font-size:var(--divider-icon-size)}.elementor-widget-divider .elementor-divider-separator{display:flex;margin:0;direction:ltr}.elementor-widget-divider--view-line_icon .elementor-divider-separator,.elementor-widget-divider--view-line_text .elementor-divider-separator{align-items:center}.elementor-widget-divider--view-line_icon .elementor-divider-separator:after,.elementor-widget-divider--view-line_icon .elementor-divider-separator:before,.elementor-widget-divider--view-line_text .elementor-divider-separator:after,.elementor-widget-divider--view-line_text .elementor-divider-separator:before{display:block;content:\"\";border-bottom:0;flex-grow:1;border-top:var(--divider-border-width) var(--divider-border-style) var(--divider-color)}.elementor-widget-divider--element-align-left .elementor-divider .elementor-divider-separator>.elementor-divider__svg:first-of-type{flex-grow:0;flex-shrink:100}.elementor-widget-divider--element-align-left .elementor-divider-separator:before{content:none}.elementor-widget-divider--element-align-left .elementor-divider__element{margin-left:0}.elementor-widget-divider--element-align-right .elementor-divider .elementor-divider-separator>.elementor-divider__svg:last-of-type{flex-grow:0;flex-shrink:100}.elementor-widget-divider--element-align-right .elementor-divider-separator:after{content:none}.elementor-widget-divider--element-align-right .elementor-divider__element{margin-right:0}.elementor-widget-divider:not(.elementor-widget-divider--view-line_text):not(.elementor-widget-divider--view-line_icon) .elementor-divider-separator{border-top:var(--divider-border-width) var(--divider-border-style) var(--divider-color)}.elementor-widget-divider--separator-type-pattern{--divider-border-style:none}.elementor-widget-divider--separator-type-pattern.elementor-widget-divider--view-line .elementor-divider-separator,.elementor-widget-divider--separator-type-pattern:not(.elementor-widget-divider--view-line) .elementor-divider-separator:after,.elementor-widget-divider--separator-type-pattern:not(.elementor-widget-divider--view-line) .elementor-divider-separator:before,.elementor-widget-divider--separator-type-pattern:not([class*=elementor-widget-divider--view]) .elementor-divider-separator{width:100%;min-height:var(--divider-pattern-height);-webkit-mask-size:var(--divider-pattern-size) 100%;mask-size:var(--divider-pattern-size) 100%;-webkit-mask-repeat:var(--divider-pattern-repeat);mask-repeat:var(--divider-pattern-repeat);background-color:var(--divider-color);-webkit-mask-image:var(--divider-pattern-url);mask-image:var(--divider-pattern-url)}.elementor-widget-divider--no-spacing{--divider-pattern-size:auto}.elementor-widget-divider--bg-round{--divider-pattern-repeat:round}.rtl .elementor-widget-divider .elementor-divider__text{direction:rtl}.e-con-inner>.elementor-widget-divider,.e-con>.elementor-widget-divider{width:var(--container-widget-width,100%);--flex-grow:var(--container-widget-flex-grow)}<\/style>\t\t<div class=\"elementor-divider\">\n\t\t\t<span class=\"elementor-divider-separator\">\n\t\t\t\t\t\t<\/span>\n\t\t<\/div>\n\t\t\t\t<\/div>\n\t\t\t\t<\/div>\n\t\t\t\t<div class=\"vamtam-has-theme-widget-styles elementor-element elementor-element-a989c7a elementor-widget elementor-widget-text-editor\" data-id=\"a989c7a\" data-element_type=\"widget\" data-widget_type=\"text-editor.default\">\n\t\t\t\t<div class=\"elementor-widget-container\">\n\t\t\t<style>\/*! elementor - v3.12.1 - 02-04-2023 *\/\n.elementor-widget-text-editor.elementor-drop-cap-view-stacked .elementor-drop-cap{background-color:#69727d;color:#fff}.elementor-widget-text-editor.elementor-drop-cap-view-framed .elementor-drop-cap{color:#69727d;border:3px solid;background-color:transparent}.elementor-widget-text-editor:not(.elementor-drop-cap-view-default) .elementor-drop-cap{margin-top:8px}.elementor-widget-text-editor:not(.elementor-drop-cap-view-default) .elementor-drop-cap-letter{width:1em;height:1em}.elementor-widget-text-editor .elementor-drop-cap{float:left;text-align:center;line-height:1;font-size:50px}.elementor-widget-text-editor .elementor-drop-cap-letter{display:inline-block}<\/style>\t\t\t\t<p>Whether it's to pick your own fresh strawberries or enjoy an activity with family and friends, we invite you to explore our different fields.<\/p>\t\t\t\t\t\t<\/div>\n\t\t\t\t<\/div>\n\t\t\t\t\t<\/div>\n\t\t<\/div>\n\t\t\t\t<div class=\"elementor-column elementor-col-50 elementor-top-column elementor-element elementor-element-4ee45ec elementor-hidden-mobile\" data-id=\"4ee45ec\" data-element_type=\"column\">\n\t\t\t<div class=\"elementor-widget-wrap\">\n\t\t\t\t\t\t\t\t\t<\/div>\n\t\t<\/div>\n\t\t\t\t\t\t\t<\/div>\n\t\t<\/section>\n\t\t\t\t<section class=\"elementor-section elementor-top-section elementor-element elementor-element-9fc4cfd elementor-section-boxed elementor-section-height-default elementor-section-height-default\" data-id=\"9fc4cfd\" data-element_type=\"section\">\n\t\t\t\t\t\t<div class=\"elementor-container elementor-column-gap-no\">\n\t\t\t\t\t<div class=\"elementor-column elementor-col-100 elementor-top-column elementor-element elementor-element-04c31ea\" data-id=\"04c31ea\" data-element_type=\"column\">\n\t\t\t<div class=\"elementor-widget-wrap elementor-element-populated\">\n\t\t\t\t\t\t\t\t<div class=\"vamtam-has-theme-widget-styles elementor-element elementor-element-4ad403d elementor-widget elementor-widget-heading\" data-id=\"4ad403d\" data-element_type=\"widget\" data-widget_type=\"heading.default\">\n\t\t\t\t<div class=\"elementor-widget-container\">\n\t\t\t<style>\/*! elementor - v3.12.1 - 02-04-2023 *\/\n.elementor-heading-title{padding:0;margin:0;line-height:1}.elementor-widget-heading .elementor-heading-title[class*=elementor-size-]>a{color:inherit;font-size:inherit;line-height:inherit}.elementor-widget-heading .elementor-heading-title.elementor-size-small{font-size:15px}.elementor-widget-heading .elementor-heading-title.elementor-size-medium{font-size:19px}.elementor-widget-heading .elementor-heading-title.elementor-size-large{font-size:29px}.elementor-widget-heading .elementor-heading-title.elementor-size-xl{font-size:39px}.elementor-widget-heading .elementor-heading-title.elementor-size-xxl{font-size:59px}<\/style><h2 class=\"elementor-heading-title elementor-size-default\">La saison 2025 de l'autocueillette est maintenant termin\u00e9e. <br>Merci de votre participation et au plaisir de vous revoir l'ann\u00e9e prochaine!<\/h2>\t\t<\/div>\n\t\t\t\t<\/div>\n\t\t\t\t<div class=\"vamtam-has-theme-widget-styles elementor-element elementor-element-b0f9cb3 elementor-widget elementor-widget-text-editor\" data-id=\"b0f9cb3\" data-element_type=\"widget\" data-widget_type=\"text-editor.default\">\n\t\t\t\t<div class=\"elementor-widget-container\">\n\t\t\t\t\t\t\t<p>Warm Friendly environment<br \/>Harvest fields nearby<br \/>Baskets returned on-site<br \/>Parking spot<br \/>Bicycle rack<br \/>Picnic tables<br \/>Chairs<br \/>Sanitary facilities<\/p>\t\t\t\t\t\t<\/div>\n\t\t\t\t<\/div>\n\t\t\t\t\t<\/div>\n\t\t<\/div>\n\t\t\t\t\t\t\t<\/div>\n\t\t<\/section>\n\t\t\t\t<section class=\"elementor-section elementor-top-section elementor-element elementor-element-bef8d77 elementor-section-content-middle elementor-section-boxed elementor-section-height-default elementor-section-height-default\" data-id=\"bef8d77\" data-element_type=\"section\">\n\t\t\t\t\t\t<div class=\"elementor-container elementor-column-gap-no\">\n\t\t\t\t\t<div class=\"elementor-column elementor-col-50 elementor-top-column elementor-element elementor-element-a83b129\" data-id=\"a83b129\" data-element_type=\"column\" data-settings=\"{&quot;background_background&quot;:&quot;classic&quot;}\">\n\t\t\t<div class=\"elementor-widget-wrap elementor-element-populated\">\n\t\t\t\t\t\t\t\t<div class=\"vamtam-has-theme-widget-styles elementor-element elementor-element-0a13103 elementor-widget elementor-widget-image\" data-id=\"0a13103\" data-element_type=\"widget\" data-widget_type=\"image.default\">\n\t\t\t\t<div class=\"elementor-widget-container\">\n\t\t\t<style>\/*! elementor - v3.12.1 - 02-04-2023 *\/\n.elementor-widget-image{text-align:center}.elementor-widget-image a{display:inline-block}.elementor-widget-image a img[src$=\".svg\"]{width:48px}.elementor-widget-image img{vertical-align:middle;display:inline-block}<\/style>\t\t\t\t<div class=\"elementor-image\">\n\t\t\t\t\t\t\t\t\t\t\t\t\t\t\t\t\t\t\t\t\t<img loading=\"lazy\" decoding=\"async\" width=\"2560\" height=\"1634\" src=\"https:\/\/fermefrancoisgosselininc.ca\/wp-content\/uploads\/2023\/09\/Ferme-Francois-Gosselin-2-aout-2023-20-1-scaled.jpg\" class=\"attachment-full size-full wp-image-16078\" alt=\"\" srcset=\"https:\/\/fermefrancoisgosselininc.ca\/wp-content\/uploads\/2023\/09\/Ferme-Francois-Gosselin-2-aout-2023-20-1-scaled.jpg 2560w, https:\/\/fermefrancoisgosselininc.ca\/wp-content\/uploads\/2023\/09\/Ferme-Francois-Gosselin-2-aout-2023-20-1-300x191.jpg 300w, https:\/\/fermefrancoisgosselininc.ca\/wp-content\/uploads\/2023\/09\/Ferme-Francois-Gosselin-2-aout-2023-20-1-1024x654.jpg 1024w, https:\/\/fermefrancoisgosselininc.ca\/wp-content\/uploads\/2023\/09\/Ferme-Francois-Gosselin-2-aout-2023-20-1-768x490.jpg 768w, https:\/\/fermefrancoisgosselininc.ca\/wp-content\/uploads\/2023\/09\/Ferme-Francois-Gosselin-2-aout-2023-20-1-1536x980.jpg 1536w, https:\/\/fermefrancoisgosselininc.ca\/wp-content\/uploads\/2023\/09\/Ferme-Francois-Gosselin-2-aout-2023-20-1-2048x1307.jpg 2048w, https:\/\/fermefrancoisgosselininc.ca\/wp-content\/uploads\/2023\/09\/Ferme-Francois-Gosselin-2-aout-2023-20-1-1260x804.jpg 1260w, https:\/\/fermefrancoisgosselininc.ca\/wp-content\/uploads\/2023\/09\/Ferme-Francois-Gosselin-2-aout-2023-20-1-630x402.jpg 630w\" sizes=\"auto, (max-width: 2560px) 100vw, 2560px\" \/>\t\t\t\t\t\t\t\t\t\t\t\t\t\t\t\t\t\t\t\t\t\t\t\t<\/div>\n\t\t\t\t\t\t<\/div>\n\t\t\t\t<\/div>\n\t\t\t\t\t<\/div>\n\t\t<\/div>\n\t\t\t\t<div class=\"elementor-column elementor-col-50 elementor-top-column elementor-element elementor-element-6125278\" data-id=\"6125278\" data-element_type=\"column\">\n\t\t\t<div class=\"elementor-widget-wrap elementor-element-populated\">\n\t\t\t\t\t\t\t\t<div class=\"vamtam-has-theme-widget-styles elementor-element elementor-element-c3458d0 elementor-widget elementor-widget-image\" data-id=\"c3458d0\" data-element_type=\"widget\" data-widget_type=\"image.default\">\n\t\t\t\t<div class=\"elementor-widget-container\">\n\t\t\t\t\t\t\t<div class=\"elementor-image\">\n\t\t\t\t\t\t\t\t\t\t\t\t\t\t\t\t\t\t\t\t\t<img loading=\"lazy\" decoding=\"async\" width=\"300\" height=\"200\" src=\"https:\/\/fermefrancoisgosselininc.ca\/wp-content\/uploads\/2023\/09\/Ferme-Francois-Gosselin-2-aout-2023-13-300x200.jpg\" class=\"attachment-medium size-medium wp-image-16083\" alt=\"\" srcset=\"https:\/\/fermefrancoisgosselininc.ca\/wp-content\/uploads\/2023\/09\/Ferme-Francois-Gosselin-2-aout-2023-13-300x200.jpg 300w, https:\/\/fermefrancoisgosselininc.ca\/wp-content\/uploads\/2023\/09\/Ferme-Francois-Gosselin-2-aout-2023-13-1024x683.jpg 1024w, https:\/\/fermefrancoisgosselininc.ca\/wp-content\/uploads\/2023\/09\/Ferme-Francois-Gosselin-2-aout-2023-13-768x513.jpg 768w, https:\/\/fermefrancoisgosselininc.ca\/wp-content\/uploads\/2023\/09\/Ferme-Francois-Gosselin-2-aout-2023-13-1536x1025.jpg 1536w, https:\/\/fermefrancoisgosselininc.ca\/wp-content\/uploads\/2023\/09\/Ferme-Francois-Gosselin-2-aout-2023-13-2048x1367.jpg 2048w, https:\/\/fermefrancoisgosselininc.ca\/wp-content\/uploads\/2023\/09\/Ferme-Francois-Gosselin-2-aout-2023-13-1260x841.jpg 1260w, https:\/\/fermefrancoisgosselininc.ca\/wp-content\/uploads\/2023\/09\/Ferme-Francois-Gosselin-2-aout-2023-13-630x420.jpg 630w\" sizes=\"auto, (max-width: 300px) 100vw, 300px\" \/>\t\t\t\t\t\t\t\t\t\t\t\t\t\t\t\t\t\t\t\t\t\t\t\t<\/div>\n\t\t\t\t\t\t<\/div>\n\t\t\t\t<\/div>\n\t\t\t\t\t<\/div>\n\t\t<\/div>\n\t\t\t\t\t\t\t<\/div>\n\t\t<\/section>\n\t\t\t\t\t\t\t<\/div>","protected":false},"excerpt":{"rendered":"<p>Que ce soit pour cueillir vous m\u00eame vos fraises fra\u00eeches ou pour une activit\u00e9 en famille et entre amis, nous vous proposons de parcourir nos diff\u00e9rents champs. La saison 2025 de l&rsquo;autocueillette est maintenant termin\u00e9e. Merci de votre participation et au plaisir de vous revoir l&rsquo;ann\u00e9e prochaine! Am\u00e9nagements convivialChamps de cueillette \u00e0 proximit\u00e9Paniers remis sur&#8230;<\/p>","protected":false},"author":1,"featured_media":7632,"parent":0,"menu_order":0,"comment_status":"closed","ping_status":"closed","template":"","meta":{"footnotes":""},"class_list":["post-44","page","type-page","status-publish","has-post-thumbnail","hentry"],"yoast_head":"<!-- This site is optimized with the Yoast SEO plugin v20.4 - https:\/\/yoast.com\/wordpress\/plugins\/seo\/ -->\n<title>Autocueillette - Ferme Francois Gosselin<\/title>\n<meta name=\"robots\" content=\"index, follow, max-snippet:-1, max-image-preview:large, max-video-preview:-1\" \/>\n<link rel=\"canonical\" href=\"https:\/\/fermefrancoisgosselininc.ca\/en\/autocueillette\/\" \/>\n<meta property=\"og:locale\" content=\"en_US\" \/>\n<meta property=\"og:type\" content=\"article\" \/>\n<meta property=\"og:title\" content=\"Autocueillette - Ferme Francois Gosselin\" \/>\n<meta property=\"og:description\" content=\"Que ce soit pour cueillir vous m\u00eame vos fraises fra\u00eeches ou pour une activit\u00e9 en famille et entre amis, nous vous proposons de parcourir nos diff\u00e9rents champs. La saison 2025 de l&rsquo;autocueillette est maintenant termin\u00e9e. Merci de votre participation et au plaisir de vous revoir l&rsquo;ann\u00e9e prochaine! Am\u00e9nagements convivialChamps de cueillette \u00e0 proximit\u00e9Paniers remis sur...\" \/>\n<meta property=\"og:url\" content=\"https:\/\/fermefrancoisgosselininc.ca\/en\/autocueillette\/\" \/>\n<meta property=\"og:site_name\" content=\"Ferme Francois Gosselin\" \/>\n<meta property=\"article:modified_time\" content=\"2025-07-13T21:05:57+00:00\" \/>\n<meta property=\"og:image\" content=\"https:\/\/fermefrancoisgosselininc.ca\/wp-content\/uploads\/2021\/12\/tabitha-turner-w3L_abvJ0l4-unsplash.jpg\" \/>\n\t<meta property=\"og:image:width\" content=\"1224\" \/>\n\t<meta property=\"og:image:height\" content=\"1312\" \/>\n\t<meta property=\"og:image:type\" content=\"image\/jpeg\" \/>\n<meta name=\"twitter:card\" content=\"summary_large_image\" \/>\n<meta name=\"twitter:label1\" content=\"Est. reading time\" \/>\n\t<meta name=\"twitter:data1\" content=\"1 minute\" \/>\n<script type=\"application\/ld+json\" class=\"yoast-schema-graph\">{\"@context\":\"https:\/\/schema.org\",\"@graph\":[{\"@type\":\"WebPage\",\"@id\":\"https:\/\/fermefrancoisgosselininc.ca\/autocueillette\/\",\"url\":\"https:\/\/fermefrancoisgosselininc.ca\/autocueillette\/\",\"name\":\"Autocueillette - Ferme Francois Gosselin\",\"isPartOf\":{\"@id\":\"https:\/\/fermefrancoisgosselininc.ca\/#website\"},\"datePublished\":\"2021-10-03T13:14:46+00:00\",\"dateModified\":\"2025-07-13T21:05:57+00:00\",\"breadcrumb\":{\"@id\":\"https:\/\/fermefrancoisgosselininc.ca\/autocueillette\/#breadcrumb\"},\"inLanguage\":\"en-CA\",\"potentialAction\":[{\"@type\":\"ReadAction\",\"target\":[\"https:\/\/fermefrancoisgosselininc.ca\/autocueillette\/\"]}]},{\"@type\":\"BreadcrumbList\",\"@id\":\"https:\/\/fermefrancoisgosselininc.ca\/autocueillette\/#breadcrumb\",\"itemListElement\":[{\"@type\":\"ListItem\",\"position\":1,\"name\":\"Accueil\",\"item\":\"https:\/\/fermefrancoisgosselininc.ca\/\"},{\"@type\":\"ListItem\",\"position\":2,\"name\":\"Autocueillette\"}]},{\"@type\":\"WebSite\",\"@id\":\"https:\/\/fermefrancoisgosselininc.ca\/#website\",\"url\":\"https:\/\/fermefrancoisgosselininc.ca\/\",\"name\":\"Ferme Francois Gosselin\",\"description\":\"Les fraises ont connais \u00e7a nous.\",\"publisher\":{\"@id\":\"https:\/\/fermefrancoisgosselininc.ca\/#organization\"},\"potentialAction\":[{\"@type\":\"SearchAction\",\"target\":{\"@type\":\"EntryPoint\",\"urlTemplate\":\"https:\/\/fermefrancoisgosselininc.ca\/?s={search_term_string}\"},\"query-input\":\"required name=search_term_string\"}],\"inLanguage\":\"en-CA\"},{\"@type\":\"Organization\",\"@id\":\"https:\/\/fermefrancoisgosselininc.ca\/#organization\",\"name\":\"Ferme Francois Gosselin\",\"url\":\"https:\/\/fermefrancoisgosselininc.ca\/\",\"logo\":{\"@type\":\"ImageObject\",\"inLanguage\":\"en-CA\",\"@id\":\"https:\/\/fermefrancoisgosselininc.ca\/#\/schema\/logo\/image\/\",\"url\":\"https:\/\/fermefrancoisgosselininc.ca\/wp-content\/uploads\/2023\/09\/FFG_Logo_Fraise_Rouge.png\",\"contentUrl\":\"https:\/\/fermefrancoisgosselininc.ca\/wp-content\/uploads\/2023\/09\/FFG_Logo_Fraise_Rouge.png\",\"width\":1200,\"height\":624,\"caption\":\"Ferme Francois Gosselin\"},\"image\":{\"@id\":\"https:\/\/fermefrancoisgosselininc.ca\/#\/schema\/logo\/image\/\"}}]}<\/script>\n<!-- \/ Yoast SEO plugin. -->","yoast_head_json":{"title":"Autocueillette - Ferme Francois Gosselin","robots":{"index":"index","follow":"follow","max-snippet":"max-snippet:-1","max-image-preview":"max-image-preview:large","max-video-preview":"max-video-preview:-1"},"canonical":"https:\/\/fermefrancoisgosselininc.ca\/en\/autocueillette\/","og_locale":"en_US","og_type":"article","og_title":"Autocueillette - Ferme Francois Gosselin","og_description":"Que ce soit pour cueillir vous m\u00eame vos fraises fra\u00eeches ou pour une activit\u00e9 en famille et entre amis, nous vous proposons de parcourir nos diff\u00e9rents champs. La saison 2025 de l&rsquo;autocueillette est maintenant termin\u00e9e. Merci de votre participation et au plaisir de vous revoir l&rsquo;ann\u00e9e prochaine! Am\u00e9nagements convivialChamps de cueillette \u00e0 proximit\u00e9Paniers remis sur...","og_url":"https:\/\/fermefrancoisgosselininc.ca\/en\/autocueillette\/","og_site_name":"Ferme Francois Gosselin","article_modified_time":"2025-07-13T21:05:57+00:00","og_image":[{"width":1224,"height":1312,"url":"https:\/\/fermefrancoisgosselininc.ca\/wp-content\/uploads\/2021\/12\/tabitha-turner-w3L_abvJ0l4-unsplash.jpg","type":"image\/jpeg"}],"twitter_card":"summary_large_image","twitter_misc":{"Est. reading time":"1 minute"},"schema":{"@context":"https:\/\/schema.org","@graph":[{"@type":"WebPage","@id":"https:\/\/fermefrancoisgosselininc.ca\/autocueillette\/","url":"https:\/\/fermefrancoisgosselininc.ca\/autocueillette\/","name":"Autocueillette - Ferme Francois Gosselin","isPartOf":{"@id":"https:\/\/fermefrancoisgosselininc.ca\/#website"},"datePublished":"2021-10-03T13:14:46+00:00","dateModified":"2025-07-13T21:05:57+00:00","breadcrumb":{"@id":"https:\/\/fermefrancoisgosselininc.ca\/autocueillette\/#breadcrumb"},"inLanguage":"en-CA","potentialAction":[{"@type":"ReadAction","target":["https:\/\/fermefrancoisgosselininc.ca\/autocueillette\/"]}]},{"@type":"BreadcrumbList","@id":"https:\/\/fermefrancoisgosselininc.ca\/autocueillette\/#breadcrumb","itemListElement":[{"@type":"ListItem","position":1,"name":"Accueil","item":"https:\/\/fermefrancoisgosselininc.ca\/"},{"@type":"ListItem","position":2,"name":"Autocueillette"}]},{"@type":"WebSite","@id":"https:\/\/fermefrancoisgosselininc.ca\/#website","url":"https:\/\/fermefrancoisgosselininc.ca\/","name":"Ferme Francois Gosselin","description":"Les fraises ont connais \u00e7a nous.","publisher":{"@id":"https:\/\/fermefrancoisgosselininc.ca\/#organization"},"potentialAction":[{"@type":"SearchAction","target":{"@type":"EntryPoint","urlTemplate":"https:\/\/fermefrancoisgosselininc.ca\/?s={search_term_string}"},"query-input":"required name=search_term_string"}],"inLanguage":"en-CA"},{"@type":"Organization","@id":"https:\/\/fermefrancoisgosselininc.ca\/#organization","name":"Ferme Francois Gosselin","url":"https:\/\/fermefrancoisgosselininc.ca\/","logo":{"@type":"ImageObject","inLanguage":"en-CA","@id":"https:\/\/fermefrancoisgosselininc.ca\/#\/schema\/logo\/image\/","url":"https:\/\/fermefrancoisgosselininc.ca\/wp-content\/uploads\/2023\/09\/FFG_Logo_Fraise_Rouge.png","contentUrl":"https:\/\/fermefrancoisgosselininc.ca\/wp-content\/uploads\/2023\/09\/FFG_Logo_Fraise_Rouge.png","width":1200,"height":624,"caption":"Ferme Francois Gosselin"},"image":{"@id":"https:\/\/fermefrancoisgosselininc.ca\/#\/schema\/logo\/image\/"}}]}},"_links":{"self":[{"href":"https:\/\/fermefrancoisgosselininc.ca\/en\/wp-json\/wp\/v2\/pages\/44","targetHints":{"allow":["GET"]}}],"collection":[{"href":"https:\/\/fermefrancoisgosselininc.ca\/en\/wp-json\/wp\/v2\/pages"}],"about":[{"href":"https:\/\/fermefrancoisgosselininc.ca\/en\/wp-json\/wp\/v2\/types\/page"}],"author":[{"embeddable":true,"href":"https:\/\/fermefrancoisgosselininc.ca\/en\/wp-json\/wp\/v2\/users\/1"}],"replies":[{"embeddable":true,"href":"https:\/\/fermefrancoisgosselininc.ca\/en\/wp-json\/wp\/v2\/comments?post=44"}],"version-history":[{"count":46,"href":"https:\/\/fermefrancoisgosselininc.ca\/en\/wp-json\/wp\/v2\/pages\/44\/revisions"}],"predecessor-version":[{"id":17160,"href":"https:\/\/fermefrancoisgosselininc.ca\/en\/wp-json\/wp\/v2\/pages\/44\/revisions\/17160"}],"wp:featuredmedia":[{"embeddable":true,"href":"https:\/\/fermefrancoisgosselininc.ca\/en\/wp-json\/wp\/v2\/media\/7632"}],"wp:attachment":[{"href":"https:\/\/fermefrancoisgosselininc.ca\/en\/wp-json\/wp\/v2\/media?parent=44"}],"curies":[{"name":"wp","href":"https:\/\/api.w.org\/{rel}","templated":true}]}}