{"id":16424,"date":"2024-02-20T17:28:08","date_gmt":"2024-02-20T17:28:08","guid":{"rendered":"https:\/\/fermefrancoisgosselininc.ca\/?page_id=16424"},"modified":"2026-04-02T07:54:41","modified_gmt":"2026-04-02T12:54:41","slug":"emplois","status":"publish","type":"page","link":"https:\/\/fermefrancoisgosselininc.ca\/en\/emplois\/","title":{"rendered":"Jobs"},"content":{"rendered":"<div data-elementor-type=\"wp-page\" data-elementor-id=\"16424\" class=\"elementor elementor-16424\">\n\t\t\t\t\t\t\t\t\t<section class=\"elementor-section elementor-top-section elementor-element elementor-element-0fb08ad elementor-section-boxed elementor-section-height-default elementor-section-height-default\" data-id=\"0fb08ad\" data-element_type=\"section\">\n\t\t\t\t\t\t<div class=\"elementor-container elementor-column-gap-default\">\n\t\t\t\t\t<div class=\"elementor-column elementor-col-100 elementor-top-column elementor-element elementor-element-bd0c049\" data-id=\"bd0c049\" data-element_type=\"column\">\n\t\t\t<div class=\"elementor-widget-wrap elementor-element-populated\">\n\t\t\t\t\t\t\t\t<div class=\"vamtam-has-theme-widget-styles elementor-element elementor-element-5a8461f elementor-widget elementor-widget-text-editor\" data-id=\"5a8461f\" data-element_type=\"widget\" data-widget_type=\"text-editor.default\">\n\t\t\t\t<div class=\"elementor-widget-container\">\n\t\t\t<style>\/*! elementor - v3.12.1 - 02-04-2023 *\/\n.elementor-widget-text-editor.elementor-drop-cap-view-stacked .elementor-drop-cap{background-color:#69727d;color:#fff}.elementor-widget-text-editor.elementor-drop-cap-view-framed .elementor-drop-cap{color:#69727d;border:3px solid;background-color:transparent}.elementor-widget-text-editor:not(.elementor-drop-cap-view-default) .elementor-drop-cap{margin-top:8px}.elementor-widget-text-editor:not(.elementor-drop-cap-view-default) .elementor-drop-cap-letter{width:1em;height:1em}.elementor-widget-text-editor .elementor-drop-cap{float:left;text-align:center;line-height:1;font-size:50px}.elementor-widget-text-editor .elementor-drop-cap-letter{display:inline-block}<\/style>\t\t\t\t<h2 style=\"font-weight: 400;\">Join our team!<\/h2>\t\t\t\t\t\t<\/div>\n\t\t\t\t<\/div>\n\t\t\t\t<div class=\"vamtam-has-theme-widget-styles elementor-element elementor-element-05b361f elementor-widget elementor-widget-text-editor\" data-id=\"05b361f\" data-element_type=\"widget\" data-widget_type=\"text-editor.default\">\n\t\t\t\t<div class=\"elementor-widget-container\">\n\t\t\t\t\t\t\t<p style=\"font-weight: 400;\"><em>Ferme Fran\u00e7ois Gosselin, located 5 minutes from the \u00cele d'Orl\u00e9ans bridge, is looking for someone interested in joining the team to fill the available positions in a family-friendly work environment on a peaceful agricultural site.<\/em><\/p><p style=\"font-weight: 400;\"><em>Pour postuler envoie ton <strong>CV<\/strong>\u00a0to the following email address:<\/em><em>\u00a0<\/em><strong><em><a href=\"mailto:info@fraisesgosselin.com\">info@fraisesgosselin.com<\/a><\/em><\/strong><em><a href=\"mailto:info@fraisesgosselin.com\">\u00a0<\/a><\/em><em>et contacte nous au 418 828-2866<\/em><\/p>\t\t\t\t\t\t<\/div>\n\t\t\t\t<\/div>\n\t\t\t\t<div class=\"vamtam-has-theme-widget-styles elementor-element elementor-element-4e0d1cb elementor-widget elementor-widget-image\" data-id=\"4e0d1cb\" data-element_type=\"widget\" data-widget_type=\"image.default\">\n\t\t\t\t<div class=\"elementor-widget-container\">\n\t\t\t<style>\/*! elementor - v3.12.1 - 02-04-2023 *\/\n.elementor-widget-image{text-align:center}.elementor-widget-image a{display:inline-block}.elementor-widget-image a img[src$=\".svg\"]{width:48px}.elementor-widget-image img{vertical-align:middle;display:inline-block}<\/style>\t\t\t\t<div class=\"elementor-image\">\n\t\t\t\t\t\t\t\t\t\t\t\t\t\t\t\t\t\t\t\t\t<img loading=\"lazy\" decoding=\"async\" width=\"1024\" height=\"352\" src=\"https:\/\/fermefrancoisgosselininc.ca\/wp-content\/uploads\/2024\/02\/FGosselin_equipe-1024x352.jpg\" class=\"attachment-large size-large wp-image-16404\" alt=\"\" srcset=\"https:\/\/fermefrancoisgosselininc.ca\/wp-content\/uploads\/2024\/02\/FGosselin_equipe-1024x352.jpg 1024w, https:\/\/fermefrancoisgosselininc.ca\/wp-content\/uploads\/2024\/02\/FGosselin_equipe-300x103.jpg 300w, https:\/\/fermefrancoisgosselininc.ca\/wp-content\/uploads\/2024\/02\/FGosselin_equipe-768x264.jpg 768w, https:\/\/fermefrancoisgosselininc.ca\/wp-content\/uploads\/2024\/02\/FGosselin_equipe-1536x528.jpg 1536w, https:\/\/fermefrancoisgosselininc.ca\/wp-content\/uploads\/2024\/02\/FGosselin_equipe-2048x704.jpg 2048w, https:\/\/fermefrancoisgosselininc.ca\/wp-content\/uploads\/2024\/02\/FGosselin_equipe-1260x433.jpg 1260w, https:\/\/fermefrancoisgosselininc.ca\/wp-content\/uploads\/2024\/02\/FGosselin_equipe-630x216.jpg 630w\" sizes=\"auto, (max-width: 1024px) 100vw, 1024px\" \/>\t\t\t\t\t\t\t\t\t\t\t\t\t\t\t\t\t\t\t\t\t\t\t\t<\/div>\n\t\t\t\t\t\t<\/div>\n\t\t\t\t<\/div>\n\t\t\t\t\t<\/div>\n\t\t<\/div>\n\t\t\t\t\t\t\t<\/div>\n\t\t<\/section>\n\t\t<div class=\"elementor-element elementor-element-9f0ba5c e-con-boxed e-con\" data-id=\"9f0ba5c\" data-element_type=\"container\" data-settings=\"{&quot;content_width&quot;:&quot;boxed&quot;}\">\n\t\t\t\t\t<div class=\"e-con-inner\">\n\t\t\t\t<div class=\"elementor-element elementor-element-05aa363 elementor-widget elementor-widget-html\" data-id=\"05aa363\" data-element_type=\"widget\" data-widget_type=\"html.default\">\n\t\t\t\t<div class=\"elementor-widget-container\">\n\t\t\t<center><iframe src=\"https:\/\/docs.google.com\/gview?url=https:\/\/fermefrancoisgosselininc.ca\/wp-content\/uploads\/2026\/04\/2026_Offre_emploi_livreur_CEA.pdf&embedded=true\" style=\"width:600px; height:500px;\" frameborder=\"0\"><\/iframe><\/center>\t\t<\/div>\n\t\t\t\t<\/div>\n\t\t\t\t<div class=\"elementor-element elementor-element-04c6ec9 elementor-widget elementor-widget-html\" data-id=\"04c6ec9\" data-element_type=\"widget\" data-widget_type=\"html.default\">\n\t\t\t\t<div class=\"elementor-widget-container\">\n\t\t\t<center><iframe src=\"https:\/\/docs.google.com\/gview?url=https:\/\/fermefrancoisgosselininc.ca\/wp-content\/uploads\/2026\/04\/2026_Offre_emploi_commis-tech_comptable_CEA.pdf&embedded=true\" style=\"width:600px; height:500px;\" frameborder=\"0\"><\/iframe><\/center>\t\t<\/div>\n\t\t\t\t<\/div>\n\t\t\t\t\t<\/div>\n\t\t\t\t<\/div>\n\t\t\t\t\t\t\t<\/div>","protected":false},"excerpt":{"rendered":"<p>Joins-toi \u00e0 notre \u00e9quipe\u00a0! Ferme Fran\u00e7ois Gosselin, situ\u00e9e \u00e0 5 minutes du pont de l\u2019\u00cele d\u2019Orl\u00e9ans, est \u00e0 la recherche d\u2019une personne int\u00e9ress\u00e9e \u00e0 joindre l\u2019\u00e9quipe pour occuper les postes affich\u00e9es et disponibles, dans un environnement de travail familial et un milieu agricole paisible. Pour postuler envoie ton CV\u00a0\u00e0 l\u2019adresse courriel suivante\u00a0:\u00a0info@fraisesgosselin.com\u00a0et contacte nous au&#8230;<\/p>","protected":false},"author":1,"featured_media":0,"parent":0,"menu_order":0,"comment_status":"closed","ping_status":"closed","template":"","meta":{"footnotes":""},"class_list":["post-16424","page","type-page","status-publish","hentry"],"yoast_head":"<!-- This site is optimized with the Yoast SEO plugin v20.4 - https:\/\/yoast.com\/wordpress\/plugins\/seo\/ -->\n<title>Emplois - Ferme Francois Gosselin<\/title>\n<meta name=\"robots\" content=\"index, follow, max-snippet:-1, max-image-preview:large, max-video-preview:-1\" \/>\n<link rel=\"canonical\" href=\"https:\/\/fermefrancoisgosselininc.ca\/en\/emplois\/\" \/>\n<meta property=\"og:locale\" content=\"en_US\" \/>\n<meta property=\"og:type\" content=\"article\" \/>\n<meta property=\"og:title\" content=\"Emplois - Ferme Francois Gosselin\" \/>\n<meta property=\"og:description\" content=\"Joins-toi \u00e0 notre \u00e9quipe\u00a0! Ferme Fran\u00e7ois Gosselin, situ\u00e9e \u00e0 5 minutes du pont de l\u2019\u00cele d\u2019Orl\u00e9ans, est \u00e0 la recherche d\u2019une personne int\u00e9ress\u00e9e \u00e0 joindre l\u2019\u00e9quipe pour occuper les postes affich\u00e9es et disponibles, dans un environnement de travail familial et un milieu agricole paisible. Pour postuler envoie ton CV\u00a0\u00e0 l\u2019adresse courriel suivante\u00a0:\u00a0info@fraisesgosselin.com\u00a0et contacte nous au...\" \/>\n<meta property=\"og:url\" content=\"https:\/\/fermefrancoisgosselininc.ca\/en\/emplois\/\" \/>\n<meta property=\"og:site_name\" content=\"Ferme Francois Gosselin\" \/>\n<meta property=\"article:modified_time\" content=\"2026-04-02T12:54:41+00:00\" \/>\n<meta property=\"og:image\" content=\"https:\/\/fermefrancoisgosselininc.ca\/wp-content\/uploads\/2024\/02\/FGosselin_equipe-1024x352.jpg\" \/>\n<meta name=\"twitter:card\" content=\"summary_large_image\" \/>\n<meta name=\"twitter:label1\" content=\"Est. reading time\" \/>\n\t<meta name=\"twitter:data1\" content=\"1 minute\" \/>\n<script type=\"application\/ld+json\" class=\"yoast-schema-graph\">{\"@context\":\"https:\/\/schema.org\",\"@graph\":[{\"@type\":\"WebPage\",\"@id\":\"https:\/\/fermefrancoisgosselininc.ca\/emplois\/\",\"url\":\"https:\/\/fermefrancoisgosselininc.ca\/emplois\/\",\"name\":\"Emplois - Ferme Francois Gosselin\",\"isPartOf\":{\"@id\":\"https:\/\/fermefrancoisgosselininc.ca\/#website\"},\"datePublished\":\"2024-02-20T17:28:08+00:00\",\"dateModified\":\"2026-04-02T12:54:41+00:00\",\"breadcrumb\":{\"@id\":\"https:\/\/fermefrancoisgosselininc.ca\/emplois\/#breadcrumb\"},\"inLanguage\":\"en-CA\",\"potentialAction\":[{\"@type\":\"ReadAction\",\"target\":[\"https:\/\/fermefrancoisgosselininc.ca\/emplois\/\"]}]},{\"@type\":\"BreadcrumbList\",\"@id\":\"https:\/\/fermefrancoisgosselininc.ca\/emplois\/#breadcrumb\",\"itemListElement\":[{\"@type\":\"ListItem\",\"position\":1,\"name\":\"Accueil\",\"item\":\"https:\/\/fermefrancoisgosselininc.ca\/\"},{\"@type\":\"ListItem\",\"position\":2,\"name\":\"Emplois\"}]},{\"@type\":\"WebSite\",\"@id\":\"https:\/\/fermefrancoisgosselininc.ca\/#website\",\"url\":\"https:\/\/fermefrancoisgosselininc.ca\/\",\"name\":\"Ferme Francois Gosselin\",\"description\":\"Les fraises ont connais \u00e7a nous.\",\"publisher\":{\"@id\":\"https:\/\/fermefrancoisgosselininc.ca\/#organization\"},\"potentialAction\":[{\"@type\":\"SearchAction\",\"target\":{\"@type\":\"EntryPoint\",\"urlTemplate\":\"https:\/\/fermefrancoisgosselininc.ca\/?s={search_term_string}\"},\"query-input\":\"required name=search_term_string\"}],\"inLanguage\":\"en-CA\"},{\"@type\":\"Organization\",\"@id\":\"https:\/\/fermefrancoisgosselininc.ca\/#organization\",\"name\":\"Ferme Francois Gosselin\",\"url\":\"https:\/\/fermefrancoisgosselininc.ca\/\",\"logo\":{\"@type\":\"ImageObject\",\"inLanguage\":\"en-CA\",\"@id\":\"https:\/\/fermefrancoisgosselininc.ca\/#\/schema\/logo\/image\/\",\"url\":\"https:\/\/fermefrancoisgosselininc.ca\/wp-content\/uploads\/2023\/09\/FFG_Logo_Fraise_Rouge.png\",\"contentUrl\":\"https:\/\/fermefrancoisgosselininc.ca\/wp-content\/uploads\/2023\/09\/FFG_Logo_Fraise_Rouge.png\",\"width\":1200,\"height\":624,\"caption\":\"Ferme Francois Gosselin\"},\"image\":{\"@id\":\"https:\/\/fermefrancoisgosselininc.ca\/#\/schema\/logo\/image\/\"}}]}<\/script>\n<!-- \/ Yoast SEO plugin. -->","yoast_head_json":{"title":"Emplois - Ferme Francois Gosselin","robots":{"index":"index","follow":"follow","max-snippet":"max-snippet:-1","max-image-preview":"max-image-preview:large","max-video-preview":"max-video-preview:-1"},"canonical":"https:\/\/fermefrancoisgosselininc.ca\/en\/emplois\/","og_locale":"en_US","og_type":"article","og_title":"Emplois - Ferme Francois Gosselin","og_description":"Joins-toi \u00e0 notre \u00e9quipe\u00a0! Ferme Fran\u00e7ois Gosselin, situ\u00e9e \u00e0 5 minutes du pont de l\u2019\u00cele d\u2019Orl\u00e9ans, est \u00e0 la recherche d\u2019une personne int\u00e9ress\u00e9e \u00e0 joindre l\u2019\u00e9quipe pour occuper les postes affich\u00e9es et disponibles, dans un environnement de travail familial et un milieu agricole paisible. Pour postuler envoie ton CV\u00a0\u00e0 l\u2019adresse courriel suivante\u00a0:\u00a0info@fraisesgosselin.com\u00a0et contacte nous au...","og_url":"https:\/\/fermefrancoisgosselininc.ca\/en\/emplois\/","og_site_name":"Ferme Francois Gosselin","article_modified_time":"2026-04-02T12:54:41+00:00","og_image":[{"url":"https:\/\/fermefrancoisgosselininc.ca\/wp-content\/uploads\/2024\/02\/FGosselin_equipe-1024x352.jpg"}],"twitter_card":"summary_large_image","twitter_misc":{"Est. reading time":"1 minute"},"schema":{"@context":"https:\/\/schema.org","@graph":[{"@type":"WebPage","@id":"https:\/\/fermefrancoisgosselininc.ca\/emplois\/","url":"https:\/\/fermefrancoisgosselininc.ca\/emplois\/","name":"Emplois - Ferme Francois Gosselin","isPartOf":{"@id":"https:\/\/fermefrancoisgosselininc.ca\/#website"},"datePublished":"2024-02-20T17:28:08+00:00","dateModified":"2026-04-02T12:54:41+00:00","breadcrumb":{"@id":"https:\/\/fermefrancoisgosselininc.ca\/emplois\/#breadcrumb"},"inLanguage":"en-CA","potentialAction":[{"@type":"ReadAction","target":["https:\/\/fermefrancoisgosselininc.ca\/emplois\/"]}]},{"@type":"BreadcrumbList","@id":"https:\/\/fermefrancoisgosselininc.ca\/emplois\/#breadcrumb","itemListElement":[{"@type":"ListItem","position":1,"name":"Accueil","item":"https:\/\/fermefrancoisgosselininc.ca\/"},{"@type":"ListItem","position":2,"name":"Emplois"}]},{"@type":"WebSite","@id":"https:\/\/fermefrancoisgosselininc.ca\/#website","url":"https:\/\/fermefrancoisgosselininc.ca\/","name":"Ferme Francois Gosselin","description":"Les fraises ont connais \u00e7a nous.","publisher":{"@id":"https:\/\/fermefrancoisgosselininc.ca\/#organization"},"potentialAction":[{"@type":"SearchAction","target":{"@type":"EntryPoint","urlTemplate":"https:\/\/fermefrancoisgosselininc.ca\/?s={search_term_string}"},"query-input":"required name=search_term_string"}],"inLanguage":"en-CA"},{"@type":"Organization","@id":"https:\/\/fermefrancoisgosselininc.ca\/#organization","name":"Ferme Francois Gosselin","url":"https:\/\/fermefrancoisgosselininc.ca\/","logo":{"@type":"ImageObject","inLanguage":"en-CA","@id":"https:\/\/fermefrancoisgosselininc.ca\/#\/schema\/logo\/image\/","url":"https:\/\/fermefrancoisgosselininc.ca\/wp-content\/uploads\/2023\/09\/FFG_Logo_Fraise_Rouge.png","contentUrl":"https:\/\/fermefrancoisgosselininc.ca\/wp-content\/uploads\/2023\/09\/FFG_Logo_Fraise_Rouge.png","width":1200,"height":624,"caption":"Ferme Francois Gosselin"},"image":{"@id":"https:\/\/fermefrancoisgosselininc.ca\/#\/schema\/logo\/image\/"}}]}},"_links":{"self":[{"href":"https:\/\/fermefrancoisgosselininc.ca\/en\/wp-json\/wp\/v2\/pages\/16424","targetHints":{"allow":["GET"]}}],"collection":[{"href":"https:\/\/fermefrancoisgosselininc.ca\/en\/wp-json\/wp\/v2\/pages"}],"about":[{"href":"https:\/\/fermefrancoisgosselininc.ca\/en\/wp-json\/wp\/v2\/types\/page"}],"author":[{"embeddable":true,"href":"https:\/\/fermefrancoisgosselininc.ca\/en\/wp-json\/wp\/v2\/users\/1"}],"replies":[{"embeddable":true,"href":"https:\/\/fermefrancoisgosselininc.ca\/en\/wp-json\/wp\/v2\/comments?post=16424"}],"version-history":[{"count":58,"href":"https:\/\/fermefrancoisgosselininc.ca\/en\/wp-json\/wp\/v2\/pages\/16424\/revisions"}],"predecessor-version":[{"id":17521,"href":"https:\/\/fermefrancoisgosselininc.ca\/en\/wp-json\/wp\/v2\/pages\/16424\/revisions\/17521"}],"wp:attachment":[{"href":"https:\/\/fermefrancoisgosselininc.ca\/en\/wp-json\/wp\/v2\/media?parent=16424"}],"curies":[{"name":"wp","href":"https:\/\/api.w.org\/{rel}","templated":true}]}}