{"id":16388,"date":"2024-02-19T11:48:06","date_gmt":"2024-02-19T11:48:06","guid":{"rendered":"https:\/\/fermefrancoisgosselininc.ca\/?page_id=16388"},"modified":"2024-02-20T17:24:31","modified_gmt":"2024-02-20T17:24:31","slug":"actualite","status":"publish","type":"page","link":"https:\/\/fermefrancoisgosselininc.ca\/en\/actualite\/","title":{"rendered":"News"},"content":{"rendered":"<div data-elementor-type=\"wp-page\" data-elementor-id=\"16388\" class=\"elementor elementor-16388\">\n\t\t\t\t\t\t\t\t\t<section class=\"elementor-section elementor-top-section elementor-element elementor-element-520a917 elementor-section-boxed elementor-section-height-default elementor-section-height-default\" data-id=\"520a917\" data-element_type=\"section\">\n\t\t\t\t\t\t<div class=\"elementor-container elementor-column-gap-default\">\n\t\t\t\t\t<div class=\"elementor-column elementor-col-100 elementor-top-column elementor-element elementor-element-a8bec1e\" data-id=\"a8bec1e\" data-element_type=\"column\">\n\t\t\t<div class=\"elementor-widget-wrap elementor-element-populated\">\n\t\t\t\t\t\t\t\t<div class=\"vamtam-has-theme-widget-styles elementor-element elementor-element-772a545 elementor-widget elementor-widget-text-editor\" data-id=\"772a545\" data-element_type=\"widget\" data-widget_type=\"text-editor.default\">\n\t\t\t\t<div class=\"elementor-widget-container\">\n\t\t\t<style>\/*! elementor - v3.12.1 - 02-04-2023 *\/\n.elementor-widget-text-editor.elementor-drop-cap-view-stacked .elementor-drop-cap{background-color:#69727d;color:#fff}.elementor-widget-text-editor.elementor-drop-cap-view-framed .elementor-drop-cap{color:#69727d;border:3px solid;background-color:transparent}.elementor-widget-text-editor:not(.elementor-drop-cap-view-default) .elementor-drop-cap{margin-top:8px}.elementor-widget-text-editor:not(.elementor-drop-cap-view-default) .elementor-drop-cap-letter{width:1em;height:1em}.elementor-widget-text-editor .elementor-drop-cap{float:left;text-align:center;line-height:1;font-size:50px}.elementor-widget-text-editor .elementor-drop-cap-letter{display:inline-block}<\/style>\t\t\t\t<h2 style=\"font-weight: 400;\">All the news<\/h2><p style=\"font-weight: 400;\">This page gathers all the news shared by the farm.<\/p>\t\t\t\t\t\t<\/div>\n\t\t\t\t<\/div>\n\t\t\t\t\t<\/div>\n\t\t<\/div>\n\t\t\t\t\t\t\t<\/div>\n\t\t<\/section>\n\t\t\t\t<section class=\"elementor-section elementor-top-section elementor-element elementor-element-a19d043 elementor-section-boxed elementor-section-height-default elementor-section-height-default\" data-id=\"a19d043\" data-element_type=\"section\">\n\t\t\t\t\t\t<div class=\"elementor-container elementor-column-gap-default\">\n\t\t\t\t\t<div class=\"elementor-column elementor-col-100 elementor-top-column elementor-element elementor-element-130d0ac\" data-id=\"130d0ac\" data-element_type=\"column\">\n\t\t\t<div class=\"elementor-widget-wrap elementor-element-populated\">\n\t\t\t\t\t\t\t\t<div class=\"vamtam-has-theme-widget-styles elementor-element elementor-element-9a0fb6f elementor-grid-3 elementor-grid-tablet-2 elementor-grid-mobile-1 elementor-posts--thumbnail-top elementor-widget elementor-widget-posts\" data-id=\"9a0fb6f\" data-element_type=\"widget\" data-settings=\"{&quot;classic_columns&quot;:&quot;3&quot;,&quot;classic_columns_tablet&quot;:&quot;2&quot;,&quot;classic_columns_mobile&quot;:&quot;1&quot;,&quot;classic_row_gap&quot;:{&quot;unit&quot;:&quot;px&quot;,&quot;size&quot;:35,&quot;sizes&quot;:[]},&quot;classic_row_gap_tablet&quot;:{&quot;unit&quot;:&quot;px&quot;,&quot;size&quot;:&quot;&quot;,&quot;sizes&quot;:[]},&quot;classic_row_gap_mobile&quot;:{&quot;unit&quot;:&quot;px&quot;,&quot;size&quot;:&quot;&quot;,&quot;sizes&quot;:[]}}\" data-widget_type=\"posts.classic\">\n\t\t\t\t<div class=\"elementor-widget-container\">\n\t\t\t<link rel=\"stylesheet\" href=\"https:\/\/fermefrancoisgosselininc.ca\/wp-content\/plugins\/pro-elements\/assets\/css\/widget-posts.min.css\">\t\t<div class=\"elementor-posts-container elementor-posts elementor-posts--skin-classic elementor-grid\">\n\t\t\t\t<article class=\"elementor-post elementor-grid-item post-17119 post type-post status-publish format-standard hentry category-uncategorized\">\n\t\t\t\t<div class=\"elementor-post__text\">\n\t\t\t\t<h3 class=\"elementor-post__title\">\n\t\t\t<a href=\"https:\/\/fermefrancoisgosselininc.ca\/en\/2025-le-temps-des-fraises-est-commence\/\" >\n\t\t\t\t2025 &#8211; Le temps des fraises est commenc\u00e9\t\t\t<\/a>\n\t\t<\/h3>\n\t\t\t\t<div class=\"elementor-post__meta-data\">\n\t\t\t\t\t<span class=\"elementor-post-author\">\n\t\t\tLouis Gosselin\t\t<\/span>\n\t\t\t\t<span class=\"elementor-post-date\">\n\t\t\tJune 10, 2025\t\t<\/span>\n\t\t\t\t<\/div>\n\t\t\t\t<div class=\"elementor-post__excerpt\">\n\t\t\t<p>Entrevue de Louis Gosselin \u00e0 Radio-Canada sur le d\u00e9but de la saison des fraises 2025.\u00a0<\/p>\n\t\t<\/div>\n\t\t\n\t\t<a class=\"elementor-post__read-more\" href=\"https:\/\/fermefrancoisgosselininc.ca\/en\/2025-le-temps-des-fraises-est-commence\/\" aria-label=\"Read more about 2025 &#8211; Le temps des fraises est commenc\u00e9\" >\n\t\t\tLire la suite \u00bb\t\t<\/a>\n\n\t\t\t\t<\/div>\n\t\t\t\t<\/article>\n\t\t\t\t<article class=\"elementor-post elementor-grid-item post-16747 post type-post status-publish format-standard hentry category-uncategorized\">\n\t\t\t\t<div class=\"elementor-post__text\">\n\t\t\t\t<h3 class=\"elementor-post__title\">\n\t\t\t<a href=\"https:\/\/fermefrancoisgosselininc.ca\/en\/parution-media-2-juin-2024\/\" >\n\t\t\t\t2024 &#8211; Des fraises blanches et bien m\u00fbres\t\t\t<\/a>\n\t\t<\/h3>\n\t\t\t\t<div class=\"elementor-post__meta-data\">\n\t\t\t\t\t<span class=\"elementor-post-author\">\n\t\t\tGabriel Gosselin\t\t<\/span>\n\t\t\t\t<span class=\"elementor-post-date\">\n\t\t\tJune 20, 2024\t\t<\/span>\n\t\t\t\t<\/div>\n\t\t\t\t<div class=\"elementor-post__excerpt\">\n\t\t\t<p>Des fraises blanches et biens m\u00fbres Voir l&rsquo;article<\/p>\n\t\t<\/div>\n\t\t\n\t\t<a class=\"elementor-post__read-more\" href=\"https:\/\/fermefrancoisgosselininc.ca\/en\/parution-media-2-juin-2024\/\" aria-label=\"Read more about 2024 &#8211; Des fraises blanches et bien m\u00fbres\" >\n\t\t\tLire la suite \u00bb\t\t<\/a>\n\n\t\t\t\t<\/div>\n\t\t\t\t<\/article>\n\t\t\t\t<article class=\"elementor-post elementor-grid-item post-16394 post type-post status-publish format-standard hentry category-uncategorized\">\n\t\t\t\t<div class=\"elementor-post__text\">\n\t\t\t\t<h3 class=\"elementor-post__title\">\n\t\t\t<a href=\"https:\/\/fermefrancoisgosselininc.ca\/en\/le-19-fevrier-2024\/\" >\n\t\t\t\t2024 &#8211; Les fraises du Qu\u00e9bec en avance cette ann\u00e9e\t\t\t<\/a>\n\t\t<\/h3>\n\t\t\t\t<div class=\"elementor-post__meta-data\">\n\t\t\t\t\t<span class=\"elementor-post-author\">\n\t\t\tOlivier Parent\t\t<\/span>\n\t\t\t\t<span class=\"elementor-post-date\">\n\t\t\tFebruary 19, 2024\t\t<\/span>\n\t\t\t\t<\/div>\n\t\t\t\t<div class=\"elementor-post__excerpt\">\n\t\t\t<p>2024 &#8211; Les fraises du Qu\u00e9bec sortent en avance cette ann\u00e9e Lien de l&rsquo;article\u00a0<\/p>\n\t\t<\/div>\n\t\t\n\t\t<a class=\"elementor-post__read-more\" href=\"https:\/\/fermefrancoisgosselininc.ca\/en\/le-19-fevrier-2024\/\" aria-label=\"Read more about 2024 &#8211; Les fraises du Qu\u00e9bec en avance cette ann\u00e9e\" >\n\t\t\tLire la suite \u00bb\t\t<\/a>\n\n\t\t\t\t<\/div>\n\t\t\t\t<\/article>\n\t\t\t\t<\/div>\n\t\t\n\t\t\t\t<\/div>\n\t\t\t\t<\/div>\n\t\t\t\t\t<\/div>\n\t\t<\/div>\n\t\t\t\t\t\t\t<\/div>\n\t\t<\/section>\n\t\t\t\t\t\t\t<\/div>","protected":false},"excerpt":{"rendered":"<p>Toutes les nouvelles Cette page regroupe toutes les actualit\u00e9s pr\u00e9sent\u00e9es par la Ferme<\/p>","protected":false},"author":1,"featured_media":0,"parent":0,"menu_order":0,"comment_status":"closed","ping_status":"closed","template":"","meta":{"footnotes":""},"class_list":["post-16388","page","type-page","status-publish","hentry"],"yoast_head":"<!-- This site is optimized with the Yoast SEO plugin v20.4 - https:\/\/yoast.com\/wordpress\/plugins\/seo\/ -->\n<title>Actualit\u00e9 - Ferme Francois Gosselin<\/title>\n<meta name=\"robots\" content=\"index, follow, max-snippet:-1, max-image-preview:large, max-video-preview:-1\" \/>\n<link rel=\"canonical\" href=\"https:\/\/fermefrancoisgosselininc.ca\/en\/actualite\/\" \/>\n<meta property=\"og:locale\" content=\"en_US\" \/>\n<meta property=\"og:type\" content=\"article\" \/>\n<meta property=\"og:title\" content=\"Actualit\u00e9 - Ferme Francois Gosselin\" \/>\n<meta property=\"og:description\" content=\"Toutes les nouvelles Cette page regroupe toutes les actualit\u00e9s pr\u00e9sent\u00e9es par la Ferme\" \/>\n<meta property=\"og:url\" content=\"https:\/\/fermefrancoisgosselininc.ca\/en\/actualite\/\" \/>\n<meta property=\"og:site_name\" content=\"Ferme Francois Gosselin\" \/>\n<meta property=\"article:modified_time\" content=\"2024-02-20T17:24:31+00:00\" \/>\n<meta name=\"twitter:card\" content=\"summary_large_image\" \/>\n<meta name=\"twitter:label1\" content=\"Est. reading time\" \/>\n\t<meta name=\"twitter:data1\" content=\"1 minute\" \/>\n<script type=\"application\/ld+json\" class=\"yoast-schema-graph\">{\"@context\":\"https:\/\/schema.org\",\"@graph\":[{\"@type\":\"WebPage\",\"@id\":\"https:\/\/fermefrancoisgosselininc.ca\/actualite\/\",\"url\":\"https:\/\/fermefrancoisgosselininc.ca\/actualite\/\",\"name\":\"Actualit\u00e9 - Ferme Francois Gosselin\",\"isPartOf\":{\"@id\":\"https:\/\/fermefrancoisgosselininc.ca\/#website\"},\"datePublished\":\"2024-02-19T11:48:06+00:00\",\"dateModified\":\"2024-02-20T17:24:31+00:00\",\"breadcrumb\":{\"@id\":\"https:\/\/fermefrancoisgosselininc.ca\/actualite\/#breadcrumb\"},\"inLanguage\":\"en-CA\",\"potentialAction\":[{\"@type\":\"ReadAction\",\"target\":[\"https:\/\/fermefrancoisgosselininc.ca\/actualite\/\"]}]},{\"@type\":\"BreadcrumbList\",\"@id\":\"https:\/\/fermefrancoisgosselininc.ca\/actualite\/#breadcrumb\",\"itemListElement\":[{\"@type\":\"ListItem\",\"position\":1,\"name\":\"Accueil\",\"item\":\"https:\/\/fermefrancoisgosselininc.ca\/\"},{\"@type\":\"ListItem\",\"position\":2,\"name\":\"Actualit\u00e9\"}]},{\"@type\":\"WebSite\",\"@id\":\"https:\/\/fermefrancoisgosselininc.ca\/#website\",\"url\":\"https:\/\/fermefrancoisgosselininc.ca\/\",\"name\":\"Ferme Francois Gosselin\",\"description\":\"Les fraises ont connais \u00e7a nous.\",\"publisher\":{\"@id\":\"https:\/\/fermefrancoisgosselininc.ca\/#organization\"},\"potentialAction\":[{\"@type\":\"SearchAction\",\"target\":{\"@type\":\"EntryPoint\",\"urlTemplate\":\"https:\/\/fermefrancoisgosselininc.ca\/?s={search_term_string}\"},\"query-input\":\"required name=search_term_string\"}],\"inLanguage\":\"en-CA\"},{\"@type\":\"Organization\",\"@id\":\"https:\/\/fermefrancoisgosselininc.ca\/#organization\",\"name\":\"Ferme Francois Gosselin\",\"url\":\"https:\/\/fermefrancoisgosselininc.ca\/\",\"logo\":{\"@type\":\"ImageObject\",\"inLanguage\":\"en-CA\",\"@id\":\"https:\/\/fermefrancoisgosselininc.ca\/#\/schema\/logo\/image\/\",\"url\":\"https:\/\/fermefrancoisgosselininc.ca\/wp-content\/uploads\/2023\/09\/FFG_Logo_Fraise_Rouge.png\",\"contentUrl\":\"https:\/\/fermefrancoisgosselininc.ca\/wp-content\/uploads\/2023\/09\/FFG_Logo_Fraise_Rouge.png\",\"width\":1200,\"height\":624,\"caption\":\"Ferme Francois Gosselin\"},\"image\":{\"@id\":\"https:\/\/fermefrancoisgosselininc.ca\/#\/schema\/logo\/image\/\"}}]}<\/script>\n<!-- \/ Yoast SEO plugin. -->","yoast_head_json":{"title":"Actualit\u00e9 - Ferme Francois Gosselin","robots":{"index":"index","follow":"follow","max-snippet":"max-snippet:-1","max-image-preview":"max-image-preview:large","max-video-preview":"max-video-preview:-1"},"canonical":"https:\/\/fermefrancoisgosselininc.ca\/en\/actualite\/","og_locale":"en_US","og_type":"article","og_title":"Actualit\u00e9 - Ferme Francois Gosselin","og_description":"Toutes les nouvelles Cette page regroupe toutes les actualit\u00e9s pr\u00e9sent\u00e9es par la Ferme","og_url":"https:\/\/fermefrancoisgosselininc.ca\/en\/actualite\/","og_site_name":"Ferme Francois Gosselin","article_modified_time":"2024-02-20T17:24:31+00:00","twitter_card":"summary_large_image","twitter_misc":{"Est. reading time":"1 minute"},"schema":{"@context":"https:\/\/schema.org","@graph":[{"@type":"WebPage","@id":"https:\/\/fermefrancoisgosselininc.ca\/actualite\/","url":"https:\/\/fermefrancoisgosselininc.ca\/actualite\/","name":"Actualit\u00e9 - Ferme Francois Gosselin","isPartOf":{"@id":"https:\/\/fermefrancoisgosselininc.ca\/#website"},"datePublished":"2024-02-19T11:48:06+00:00","dateModified":"2024-02-20T17:24:31+00:00","breadcrumb":{"@id":"https:\/\/fermefrancoisgosselininc.ca\/actualite\/#breadcrumb"},"inLanguage":"en-CA","potentialAction":[{"@type":"ReadAction","target":["https:\/\/fermefrancoisgosselininc.ca\/actualite\/"]}]},{"@type":"BreadcrumbList","@id":"https:\/\/fermefrancoisgosselininc.ca\/actualite\/#breadcrumb","itemListElement":[{"@type":"ListItem","position":1,"name":"Accueil","item":"https:\/\/fermefrancoisgosselininc.ca\/"},{"@type":"ListItem","position":2,"name":"Actualit\u00e9"}]},{"@type":"WebSite","@id":"https:\/\/fermefrancoisgosselininc.ca\/#website","url":"https:\/\/fermefrancoisgosselininc.ca\/","name":"Ferme Francois Gosselin","description":"Les fraises ont connais \u00e7a nous.","publisher":{"@id":"https:\/\/fermefrancoisgosselininc.ca\/#organization"},"potentialAction":[{"@type":"SearchAction","target":{"@type":"EntryPoint","urlTemplate":"https:\/\/fermefrancoisgosselininc.ca\/?s={search_term_string}"},"query-input":"required name=search_term_string"}],"inLanguage":"en-CA"},{"@type":"Organization","@id":"https:\/\/fermefrancoisgosselininc.ca\/#organization","name":"Ferme Francois Gosselin","url":"https:\/\/fermefrancoisgosselininc.ca\/","logo":{"@type":"ImageObject","inLanguage":"en-CA","@id":"https:\/\/fermefrancoisgosselininc.ca\/#\/schema\/logo\/image\/","url":"https:\/\/fermefrancoisgosselininc.ca\/wp-content\/uploads\/2023\/09\/FFG_Logo_Fraise_Rouge.png","contentUrl":"https:\/\/fermefrancoisgosselininc.ca\/wp-content\/uploads\/2023\/09\/FFG_Logo_Fraise_Rouge.png","width":1200,"height":624,"caption":"Ferme Francois Gosselin"},"image":{"@id":"https:\/\/fermefrancoisgosselininc.ca\/#\/schema\/logo\/image\/"}}]}},"_links":{"self":[{"href":"https:\/\/fermefrancoisgosselininc.ca\/en\/wp-json\/wp\/v2\/pages\/16388","targetHints":{"allow":["GET"]}}],"collection":[{"href":"https:\/\/fermefrancoisgosselininc.ca\/en\/wp-json\/wp\/v2\/pages"}],"about":[{"href":"https:\/\/fermefrancoisgosselininc.ca\/en\/wp-json\/wp\/v2\/types\/page"}],"author":[{"embeddable":true,"href":"https:\/\/fermefrancoisgosselininc.ca\/en\/wp-json\/wp\/v2\/users\/1"}],"replies":[{"embeddable":true,"href":"https:\/\/fermefrancoisgosselininc.ca\/en\/wp-json\/wp\/v2\/comments?post=16388"}],"version-history":[{"count":17,"href":"https:\/\/fermefrancoisgosselininc.ca\/en\/wp-json\/wp\/v2\/pages\/16388\/revisions"}],"predecessor-version":[{"id":16734,"href":"https:\/\/fermefrancoisgosselininc.ca\/en\/wp-json\/wp\/v2\/pages\/16388\/revisions\/16734"}],"wp:attachment":[{"href":"https:\/\/fermefrancoisgosselininc.ca\/en\/wp-json\/wp\/v2\/media?parent=16388"}],"curies":[{"name":"wp","href":"https:\/\/api.w.org\/{rel}","templated":true}]}}